{"id":6784,"date":"2024-10-04T10:50:02","date_gmt":"2024-10-04T08:50:02","guid":{"rendered":"https:\/\/www.a-w.com\/?page_id=6784"},"modified":"2024-10-04T10:51:14","modified_gmt":"2024-10-04T08:51:14","slug":"aw-cantor-smart-companion","status":"publish","type":"page","link":"https:\/\/www.a-w.com\/de\/aw-cantor-smart-companion\/","title":{"rendered":"A+W Cantor Smart Companion"},"content":{"rendered":"<p>[et_pb_section fb_built=&#8221;1&#8243; custom_padding_last_edited=&#8221;on|phone&#8221; _builder_version=&#8221;4.27.0&#8243; _module_preset=&#8221;default&#8221; background_color=&#8221;#FFFFFF&#8221; custom_padding_tablet=&#8221;&#8221; custom_padding_phone=&#8221;||0px||false|false&#8221; locked=&#8221;off&#8221; global_colors_info=&#8221;{}&#8221;][et_pb_row column_structure=&#8221;3_5,2_5&#8243; use_custom_gutter=&#8221;on&#8221; make_equal=&#8221;on&#8221; _builder_version=&#8221;4.27.0&#8243; _module_preset=&#8221;default&#8221; custom_padding=&#8221;40px||40px||true|true&#8221; custom_padding_phone=&#8221;10px||10px||true|false&#8221; global_colors_info=&#8221;{}&#8221;][et_pb_column type=&#8221;3_5&#8243; _builder_version=&#8221;4.25.2&#8243; _module_preset=&#8221;default&#8221; global_colors_info=&#8221;{}&#8221;][et_pb_text _builder_version=&#8221;4.27.2&#8243; _module_preset=&#8221;default&#8221; header_font=&#8221;|800|||||||&#8221; header_text_color=&#8221;#004FA3&#8243; header_font_size=&#8221;45px&#8221; header_line_height=&#8221;1.3em&#8221; header_2_text_color=&#8221;#004FA3&#8243; custom_margin=&#8221;100px||||false|false&#8221; custom_margin_tablet=&#8221;0px||||false|false&#8221; custom_margin_phone=&#8221;0px||||false|false&#8221; custom_margin_last_edited=&#8221;on|desktop&#8221; custom_padding=&#8221;0px|14px|0px|0px|true|false&#8221; custom_padding_tablet=&#8221;50px|15px|0px|15px|false|true&#8221; custom_padding_phone=&#8221;20px||20px||true|true&#8221; custom_padding_last_edited=&#8221;on|desktop&#8221; hover_enabled=&#8221;0&#8243; header_text_align_tablet=&#8221;&#8221; header_text_align_phone=&#8221;center&#8221; header_text_align_last_edited=&#8221;on|desktop&#8221; header_font_size_tablet=&#8221;45px&#8221; header_font_size_phone=&#8221;30px&#8221; header_font_size_last_edited=&#8221;on|desktop&#8221; text_orientation_tablet=&#8221;&#8221; text_orientation_phone=&#8221;center&#8221; text_orientation_last_edited=&#8221;on|phone&#8221; global_colors_info=&#8221;{}&#8221; sticky_enabled=&#8221;0&#8243;]<\/p>\n<h1>A+W Cantor Smart Companion<\/h1>\n<h2>Die mobile App f\u00fcr Produktion und Lager<\/h2>\n<p>Die <strong>A+W Smart Companion App<\/strong> f\u00fcr A+W Cantor bietet eine smarte L\u00f6sung f\u00fcr Produktion und Lager, die Ihre Abl\u00e4ufe optimiert und gleichzeitig die Effizienz steigert.<\/p>\n<p>[\/et_pb_text][et_pb_button button_url=&#8221;#contact&#8221; button_text=&#8221;Demo anfragen&#8221; button_alignment=&#8221;left&#8221; _builder_version=&#8221;4.27.0&#8243; _module_preset=&#8221;549ff37c-8485-4772-8944-6627781be2d2&#8243; custom_margin=&#8221;40px||||false|false&#8221; custom_margin_tablet=&#8221;40px||||false|false&#8221; custom_margin_phone=&#8221;0px||||false|false&#8221; custom_margin_last_edited=&#8221;on|desktop&#8221; global_colors_info=&#8221;{}&#8221;][\/et_pb_button][\/et_pb_column][et_pb_column type=&#8221;2_5&#8243; _builder_version=&#8221;4.25.2&#8243; _module_preset=&#8221;default&#8221; global_colors_info=&#8221;{}&#8221;][et_pb_image src=&#8221;https:\/\/www.a-w.com\/wp-content\/uploads\/2024\/06\/aw_cantor_smart_companion.svg&#8221; title_text=&#8221;add_on_cantor_smart_companion&#8221; _builder_version=&#8221;4.27.0&#8243; _module_preset=&#8221;default&#8221; max_width=&#8221;75%&#8221; module_alignment=&#8221;center&#8221; custom_margin=&#8221;100px||||false|false&#8221; global_colors_info=&#8221;{}&#8221;][\/et_pb_image][\/et_pb_column][\/et_pb_row][\/et_pb_section][et_pb_section fb_built=&#8221;1&#8243; _builder_version=&#8221;4.27.0&#8243; _module_preset=&#8221;default&#8221; background_color=&#8221;#FFFFFF&#8221; custom_padding=&#8221;20px||20px||true|false&#8221; global_colors_info=&#8221;{}&#8221;][et_pb_row column_structure=&#8221;2_3,1_3&#8243; custom_padding_last_edited=&#8221;off|desktop&#8221; _builder_version=&#8221;4.27.0&#8243; _module_preset=&#8221;default&#8221; custom_padding=&#8221;||20px||false|false&#8221; global_colors_info=&#8221;{}&#8221;][et_pb_column type=&#8221;2_3&#8243; _builder_version=&#8221;4.27.0&#8243; _module_preset=&#8221;default&#8221; custom_padding=&#8221;|40px|||false|false&#8221; global_colors_info=&#8221;{}&#8221;][et_pb_text _builder_version=&#8221;4.27.0&#8243; _module_preset=&#8221;default&#8221; custom_margin=&#8221;10px||10px||true|false&#8221; global_colors_info=&#8221;{}&#8221;]<\/p>\n<p>Im Bereich Produktion kann die App im Versandlager genutzt werden, um Fertigelemente und Beipack auf Gestelle zu buchen und dieses einem Versandbereich zuzuordnen. Wobei mehrere Elemente gleichzeitig, im sog. Continuous Mode, gescannt werden k\u00f6nnen (Kameramodus). Als mobiles Info-Terminal (Lesemodus) unterst\u00fctzt die App, indem z.B. der Produktionsstatus von einzelnen Auftragspositionen oder Objekte, die sich auf einem Gestell befinden, angezeigt werden. So ist jederzeit ersichtlich, in welchem Fertigungsschritt sich die Elemente befinden. An den zuvor festgelegten Registrierungspunkten kann Material durch Scannen der Barcodes direkt angefordert werden.<\/p>\n<p>[\/et_pb_text][et_pb_text _builder_version=&#8221;4.27.0&#8243; _module_preset=&#8221;default&#8221; custom_margin=&#8221;||10px||false|false&#8221; global_colors_info=&#8221;{}&#8221;]<\/p>\n<p>Eine weitere wichtige Funktion sind die dynamischen Formulare. Innerhalb eines Formulars k\u00f6nnen Informationen von dem Anwender abgefragt werden. Dabei ist es m\u00f6glich, dass die Eingabe durch Auswahllisten, Checkboxen, Schiebebuttons etc. unterst\u00fctzt wird. Diese k\u00f6nnen vom Nutzer individuell gestaltet werden. Reklamationen k\u00f6nnen in der App mit einem Foto erfasst werden und direkt an A+W Cantor CIM \u00fcbermittelt werden. Somit ist keine doppelte Erfassung notwendig.<\/p>\n<p>[\/et_pb_text][et_pb_text _builder_version=&#8221;4.27.0&#8243; _module_preset=&#8221;default&#8221; global_colors_info=&#8221;{}&#8221;]<\/p>\n<p>Der Bereich Lager deckt Wareneingangs- und Materialumbuchungen sowie Inventurbuchungen ab, so dass diese Prozesse vollst\u00e4ndig \u00fcber die mobile App bearbeitet werden k\u00f6nnen. So kann z. B. eine \u00dcbersicht \u00fcber alle gez\u00e4hlten Artikel angezeigt werden. Die Daten stehen direkt in A+W Cantor zur Verf\u00fcgung.<\/p>\n<p>[\/et_pb_text][\/et_pb_column][et_pb_column type=&#8221;1_3&#8243; _builder_version=&#8221;4.27.0&#8243; _module_preset=&#8221;default&#8221; global_colors_info=&#8221;{}&#8221;][et_pb_gallery gallery_ids=&#8221;6795,6797,6799&#8243; fullwidth=&#8221;on&#8221; _builder_version=&#8221;4.27.0&#8243; _module_preset=&#8221;default&#8221; pagination_text_color=&#8221;#FFFFFF&#8221; custom_margin=&#8221;50px||||false|false&#8221; border_radii=&#8221;on|16px|16px|16px|16px&#8221; global_colors_info=&#8221;{}&#8221;][\/et_pb_gallery][\/et_pb_column][\/et_pb_row][\/et_pb_section][et_pb_section fb_built=&#8221;1&#8243; custom_padding_last_edited=&#8221;on|phone&#8221; _builder_version=&#8221;4.27.0&#8243; _module_preset=&#8221;default&#8221; background_color=&#8221;#FFFFFF&#8221; custom_padding=&#8221;20px||||false|false&#8221; custom_padding_tablet=&#8221;&#8221; custom_padding_phone=&#8221;||0px||false|false&#8221; locked=&#8221;off&#8221; global_colors_info=&#8221;{}&#8221;][et_pb_row _builder_version=&#8221;4.25.2&#8243; _module_preset=&#8221;default&#8221; global_colors_info=&#8221;{}&#8221;][et_pb_column type=&#8221;4_4&#8243; _builder_version=&#8221;4.25.2&#8243; _module_preset=&#8221;default&#8221; global_colors_info=&#8221;{}&#8221;][et_pb_heading title=&#8221;Ihre Vorteile&#8221; _builder_version=&#8221;4.27.0&#8243; _module_preset=&#8221;default&#8221; title_level=&#8221;h3&#8243; title_font=&#8221;|800|||||||&#8221; title_text_color=&#8221;#b4dbfc&#8221; title_font_size=&#8221;45px&#8221; title_font_size_tablet=&#8221;45px&#8221; title_font_size_phone=&#8221;30px&#8221; title_font_size_last_edited=&#8221;on|phone&#8221; global_colors_info=&#8221;{}&#8221;][\/et_pb_heading][\/et_pb_column][\/et_pb_row][et_pb_row column_structure=&#8221;1_3,1_3,1_3&#8243; use_custom_gutter=&#8221;on&#8221; gutter_width=&#8221;2&#8243; make_equal=&#8221;on&#8221; _builder_version=&#8221;4.27.0&#8243; _module_preset=&#8221;default&#8221; width_tablet=&#8221;70%&#8221; width_phone=&#8221;95%&#8221; custom_padding=&#8221;40px||40px||true|true&#8221; custom_padding_tablet=&#8221;||||false|false&#8221; custom_padding_phone=&#8221;20px||||false|false&#8221; global_colors_info=&#8221;{}&#8221;][et_pb_column type=&#8221;1_3&#8243; _builder_version=&#8221;4.27.0&#8243; _module_preset=&#8221;default&#8221; background_color=&#8221;#072a56&#8243; border_radii=&#8221;on|16px|16px|16px|16px&#8221; box_shadow_style=&#8221;preset2&#8243; global_colors_info=&#8221;{}&#8221;][et_pb_blurb title=&#8221;Einfache Bedienung&#8221; image_icon_width=&#8221;50%&#8221; _builder_version=&#8221;4.27.0&#8243; _module_preset=&#8221;default&#8221; header_font=&#8221;|600|||||||&#8221; header_text_color=&#8221;#b4dbfc&#8221; header_font_size=&#8221;24px&#8221; header_line_height=&#8221;1.4em&#8221; body_text_color=&#8221;#FFFFFF&#8221; background_color=&#8221;#072a56&#8243; image_icon_custom_margin=&#8221;||10px||false|false&#8221; text_orientation=&#8221;center&#8221; custom_margin_tablet=&#8221;||||false|false&#8221; custom_margin_phone=&#8221;||||false|false&#8221; custom_margin_last_edited=&#8221;on|tablet&#8221; custom_padding=&#8221;30px|30px|30px|30px|true|true&#8221; global_colors_info=&#8221;{}&#8221;]<\/p>\n<p>Sie ben\u00f6tigen keinen zus\u00e4tzlichen Lernaufwand, da Sie ein bekanntes, t\u00e4glich genutztes Ger\u00e4t verwenden.<\/p>\n<p>[\/et_pb_blurb][\/et_pb_column][et_pb_column type=&#8221;1_3&#8243; _builder_version=&#8221;4.27.0&#8243; _module_preset=&#8221;default&#8221; background_color=&#8221;#FFFFFF&#8221; border_radii=&#8221;on|16px|16px|16px|16px&#8221; box_shadow_style=&#8221;preset2&#8243; global_colors_info=&#8221;{}&#8221;][et_pb_blurb title=&#8221;H\u00f6here Produktivit\u00e4t&#8221; image_icon_width=&#8221;50%&#8221; _builder_version=&#8221;4.27.0&#8243; _module_preset=&#8221;default&#8221; header_font=&#8221;|600|||||||&#8221; header_text_color=&#8221;#b4dbfc&#8221; header_font_size=&#8221;24px&#8221; header_line_height=&#8221;1.4em&#8221; body_text_color=&#8221;#FFFFFF&#8221; background_color=&#8221;#072a56&#8243; image_icon_custom_margin=&#8221;||10px||false|false&#8221; text_orientation=&#8221;center&#8221; custom_padding=&#8221;30px|30px|30px|30px|true|true&#8221; global_colors_info=&#8221;{}&#8221;]Sie sparen Zeit dank unserer benutzerfreundlichen App und durch das schnellere Scannen mehrerer Barcodes im Continuous Mode.[\/et_pb_blurb][\/et_pb_column][et_pb_column type=&#8221;1_3&#8243; _builder_version=&#8221;4.27.0&#8243; _module_preset=&#8221;default&#8221; background_color=&#8221;#FFFFFF&#8221; border_radii=&#8221;on|16px|16px|16px|16px&#8221; box_shadow_style=&#8221;preset2&#8243; global_colors_info=&#8221;{}&#8221;][et_pb_blurb title=&#8221;Sofortige Informationen&#8221; image_icon_width=&#8221;50%&#8221; _builder_version=&#8221;4.27.0&#8243; _module_preset=&#8221;default&#8221; header_font=&#8221;|600|||||||&#8221; header_text_color=&#8221;#b4dbfc&#8221; header_font_size=&#8221;24px&#8221; header_line_height=&#8221;1.4em&#8221; body_text_color=&#8221;#FFFFFF&#8221; background_color=&#8221;#072a56&#8243; image_icon_custom_margin=&#8221;||10px||false|false&#8221; text_orientation=&#8221;center&#8221; custom_padding=&#8221;30px|30px|30px|30px|true|true&#8221; global_colors_info=&#8221;{}&#8221;]<\/p>\n<p>Sie haben jederzeit einen Informationsvorsprung, da Sie mobil und sofort sehen k\u00f6nnen, in welchem Status sich ein Element befindet.<\/p>\n<p>[\/et_pb_blurb][\/et_pb_column][\/et_pb_row][\/et_pb_section][et_pb_section fb_built=&#8221;1&#8243; _builder_version=&#8221;4.27.0&#8243; _module_preset=&#8221;default&#8221; background_enable_color=&#8221;off&#8221; global_colors_info=&#8221;{}&#8221;][et_pb_row column_structure=&#8221;3_5,2_5&#8243; module_id=&#8221;contact&#8221; _builder_version=&#8221;4.27.0&#8243; _module_preset=&#8221;default&#8221; global_colors_info=&#8221;{}&#8221;][et_pb_column type=&#8221;3_5&#8243; _builder_version=&#8221;4.27.0&#8243; _module_preset=&#8221;default&#8221; global_colors_info=&#8221;{}&#8221;][et_pb_heading title=&#8221;Demo vereinbaren&#8221; _builder_version=&#8221;4.27.0&#8243; _module_preset=&#8221;default&#8221; title_font=&#8221;|800|||||||&#8221; title_text_color=&#8221;#b4dbfc&#8221; title_font_size=&#8221;49px&#8221; custom_padding=&#8221;20px||||false|false&#8221; title_font_size_tablet=&#8221;49px&#8221; title_font_size_phone=&#8221;30px&#8221; title_font_size_last_edited=&#8221;on|phone&#8221; locked=&#8221;off&#8221; global_colors_info=&#8221;{}&#8221;][\/et_pb_heading][et_pb_code _builder_version=&#8221;4.27.0&#8243; _module_preset=&#8221;default&#8221; custom_padding=&#8221;20px||20px||true|false&#8221; global_colors_info=&#8221;{}&#8221;]<script charset=\"utf-8\" type=\"text\/javascript\" src=\"\/\/js.hsforms.net\/forms\/embed\/v2.js\"><\/script><!-- [et_pb_line_break_holder] --><script><!-- [et_pb_line_break_holder] --><!-- [et_pb_line_break_holder] -->  hbspt.forms.create({<!-- [et_pb_line_break_holder] --><!-- [et_pb_line_break_holder] -->    region: \"na1\",<!-- [et_pb_line_break_holder] --><!-- [et_pb_line_break_holder] -->    portalId: \"4091763\",<!-- [et_pb_line_break_holder] --><!-- [et_pb_line_break_holder] -->    formId: \"9d0b6d8d-b670-46cc-88e8-dc6749e444f5\"<!-- [et_pb_line_break_holder] --><!-- [et_pb_line_break_holder] -->  });<!-- [et_pb_line_break_holder] --><\/script><!-- [et_pb_line_break_holder] --> [\/et_pb_code][\/et_pb_column][et_pb_column type=&#8221;2_5&#8243; _builder_version=&#8221;4.27.0&#8243; _module_preset=&#8221;default&#8221; global_colors_info=&#8221;{}&#8221;][\/et_pb_column][\/et_pb_row][\/et_pb_section][et_pb_section fb_built=&#8221;1&#8243; _builder_version=&#8221;4.27.0&#8243; _module_preset=&#8221;default&#8221; global_colors_info=&#8221;{}&#8221;][\/et_pb_section]<\/p>\n","protected":false},"excerpt":{"rendered":"<p>A+W Cantor Smart Companion Die mobile App f\u00fcr Produktion und Lager Die A+W Smart Companion App f\u00fcr A+W Cantor bietet eine smarte L\u00f6sung f\u00fcr Produktion und Lager, die Ihre Abl\u00e4ufe optimiert und gleichzeitig die Effizienz steigert.Im Bereich Produktion kann die App im Versandlager genutzt werden, um Fertigelemente und Beipack auf Gestelle zu buchen und dieses einem Versandbereich zuzuordnen. Wobei mehrere Elemente gleichzeitig, im sog. Continuous Mode, gescannt werden k\u00f6nnen (Kameramodus). Als mobiles Info-Terminal (Lesemodus) unterst\u00fctzt die App, indem z.B. der Produktionsstatus von einzelnen Auftragspositionen oder Objekte, die sich auf einem Gestell befinden, angezeigt werden. So ist jederzeit ersichtlich, in welchem Fertigungsschritt sich die Elemente befinden. An den zuvor festgelegten Registrierungspunkten kann Material durch Scannen der Barcodes direkt angefordert werden.Eine weitere wichtige Funktion sind die dynamischen Formulare. Innerhalb eines Formulars k\u00f6nnen Informationen von dem Anwender abgefragt werden. Dabei ist es m\u00f6glich, dass die Eingabe durch Auswahllisten, Checkboxen, Schiebebuttons etc. unterst\u00fctzt wird. Diese k\u00f6nnen vom Nutzer individuell gestaltet werden. Reklamationen k\u00f6nnen in der App mit einem Foto erfasst werden und direkt an A+W Cantor CIM \u00fcbermittelt werden. Somit ist keine doppelte Erfassung notwendig.Der Bereich Lager deckt Wareneingangs- und Materialumbuchungen sowie Inventurbuchungen ab, so dass diese Prozesse vollst\u00e4ndig \u00fcber die mobile App bearbeitet [&hellip;]<\/p>\n","protected":false},"author":4,"featured_media":0,"parent":0,"menu_order":0,"comment_status":"closed","ping_status":"closed","template":"","meta":{"_et_pb_use_builder":"on","_et_pb_old_content":"<!-- wp:divi\/placeholder \/-->","_et_gb_content_width":"","footnotes":""},"class_list":["post-6784","page","type-page","status-publish","hentry"],"_links":{"self":[{"href":"https:\/\/www.a-w.com\/de\/wp-json\/wp\/v2\/pages\/6784","targetHints":{"allow":["GET"]}}],"collection":[{"href":"https:\/\/www.a-w.com\/de\/wp-json\/wp\/v2\/pages"}],"about":[{"href":"https:\/\/www.a-w.com\/de\/wp-json\/wp\/v2\/types\/page"}],"author":[{"embeddable":true,"href":"https:\/\/www.a-w.com\/de\/wp-json\/wp\/v2\/users\/4"}],"replies":[{"embeddable":true,"href":"https:\/\/www.a-w.com\/de\/wp-json\/wp\/v2\/comments?post=6784"}],"version-history":[{"count":0,"href":"https:\/\/www.a-w.com\/de\/wp-json\/wp\/v2\/pages\/6784\/revisions"}],"wp:attachment":[{"href":"https:\/\/www.a-w.com\/de\/wp-json\/wp\/v2\/media?parent=6784"}],"curies":[{"name":"wp","href":"https:\/\/api.w.org\/{rel}","templated":true}]}}