{"id":5239,"date":"2024-07-05T11:11:23","date_gmt":"2024-07-05T09:11:23","guid":{"rendered":"https:\/\/www.a-w.com\/smart-companion-stock-2023\/"},"modified":"2025-09-15T10:49:34","modified_gmt":"2025-09-15T08:49:34","slug":"smart-companion-stock-2023","status":"publish","type":"page","link":"https:\/\/www.a-w.com\/de\/smart-companion-stock-2023\/","title":{"rendered":"Smart Companion Stock 2023"},"content":{"rendered":"<p>[et_pb_section fb_built=&#8221;1&#8243; custom_padding_last_edited=&#8221;on|phone&#8221; _builder_version=&#8221;4.25.2&#8243; _module_preset=&#8221;default&#8221; custom_padding_tablet=&#8221;&#8221; custom_padding_phone=&#8221;||0px||false|false&#8221; global_colors_info=&#8221;{}&#8221;][et_pb_row column_structure=&#8221;1_2,1_2&#8243; use_custom_gutter=&#8221;on&#8221; make_equal=&#8221;on&#8221; _builder_version=&#8221;4.25.2&#8243; _module_preset=&#8221;default&#8221; custom_padding=&#8221;40px||20px||false|true&#8221; custom_padding_phone=&#8221;10px||10px||true|false&#8221; global_colors_info=&#8221;{}&#8221;][et_pb_column type=&#8221;1_2&#8243; _builder_version=&#8221;4.25.2&#8243; _module_preset=&#8221;default&#8221; global_colors_info=&#8221;{}&#8221;][et_pb_text _builder_version=&#8221;4.25.2&#8243; _module_preset=&#8221;default&#8221; header_font=&#8221;|800|||||||&#8221; header_font_size=&#8221;45px&#8221; header_line_height=&#8221;1.3em&#8221; custom_margin=&#8221;100px||||false|false&#8221; custom_margin_tablet=&#8221;0px||||false|false&#8221; custom_margin_phone=&#8221;0px||||false|false&#8221; custom_margin_last_edited=&#8221;on|desktop&#8221; custom_padding=&#8221;0px|14px|0px|0px|true|false&#8221; custom_padding_tablet=&#8221;50px|15px|0px|15px|false|true&#8221; custom_padding_phone=&#8221;20px||20px||true|true&#8221; custom_padding_last_edited=&#8221;on|desktop&#8221; header_text_align_tablet=&#8221;&#8221; header_text_align_phone=&#8221;center&#8221; header_text_align_last_edited=&#8221;on|desktop&#8221; header_font_size_tablet=&#8221;45px&#8221; header_font_size_phone=&#8221;30px&#8221; header_font_size_last_edited=&#8221;on|desktop&#8221; text_orientation_tablet=&#8221;&#8221; text_orientation_phone=&#8221;center&#8221; text_orientation_last_edited=&#8221;on|phone&#8221; global_colors_info=&#8221;{}&#8221;]<\/p>\n<h1>Digitalisieren Sie Ihr Lager!<\/h1>\n<p>Entdecken Sie unsere innovative Digitalisierungsl\u00f6sung und revolutionieren Sie Ihr Lager mit unserem neuen <strong>A+W Smart Companion<\/strong> <strong> Stock<\/strong>.<br \/>Mit dem A+W Smart Companion Stock k\u00f6nnen Sie alle Prozesse in Ihrem Lager \u00fcberwachen \u2013 vom Wareneingang \u00fcber Lagerbewegungen und Inventur bis zu Warenabg\u00e4ngen.<\/p>\n<p>[\/et_pb_text][et_pb_button button_url=&#8221;#contact&#8221; button_text=&#8221;Demo anfragen&#8221; _builder_version=&#8221;4.25.2&#8243; _module_preset=&#8221;549ff37c-8485-4772-8944-6627781be2d2&#8243; custom_margin=&#8221;40px||||false|false&#8221; custom_margin_tablet=&#8221;40px||||false|false&#8221; custom_margin_phone=&#8221;0px||||false|false&#8221; custom_margin_last_edited=&#8221;on|desktop&#8221; global_colors_info=&#8221;{}&#8221;][\/et_pb_button][\/et_pb_column][et_pb_column type=&#8221;1_2&#8243; _builder_version=&#8221;4.25.2&#8243; _module_preset=&#8221;default&#8221; global_colors_info=&#8221;{}&#8221;][et_pb_image src=&#8221;https:\/\/www.a-w.com\/wp-content\/uploads\/2024\/07\/iPhone-SMC_2023.png&#8221; alt=&#8221;Iphone Smart Companion&#8221; title_text=&#8221;iPhone-SMC_2023&#8243; align=&#8221;center&#8221; _builder_version=&#8221;4.25.2&#8243; _module_preset=&#8221;default&#8221; max_width_tablet=&#8221;75%&#8221; max_width_phone=&#8221;95%&#8221; max_width_last_edited=&#8221;on|tablet&#8221; custom_margin_tablet=&#8221;20px||||false|false&#8221; custom_margin_phone=&#8221;20px||||false|false&#8221; custom_margin_last_edited=&#8221;on|tablet&#8221; module_alignment_tablet=&#8221;center&#8221; module_alignment_phone=&#8221;center&#8221; module_alignment_last_edited=&#8221;on|tablet&#8221; global_colors_info=&#8221;{}&#8221;][\/et_pb_image][\/et_pb_column][\/et_pb_row][\/et_pb_section][et_pb_section fb_built=&#8221;1&#8243; custom_padding_last_edited=&#8221;on|phone&#8221; _builder_version=&#8221;4.25.2&#8243; _module_preset=&#8221;default&#8221; custom_padding_tablet=&#8221;&#8221; custom_padding_phone=&#8221;||0px||false|false&#8221; global_colors_info=&#8221;{}&#8221;][et_pb_row _builder_version=&#8221;4.25.2&#8243; _module_preset=&#8221;default&#8221; global_colors_info=&#8221;{}&#8221;][et_pb_column type=&#8221;4_4&#8243; _builder_version=&#8221;4.25.2&#8243; _module_preset=&#8221;default&#8221; global_colors_info=&#8221;{}&#8221;][et_pb_heading title=&#8221;Nutzen Sie Ihr volles Potenzial &#8221; _builder_version=&#8221;4.25.2&#8243; _module_preset=&#8221;default&#8221; title_font=&#8221;|800|||||||&#8221; title_text_align=&#8221;center&#8221; title_font_size=&#8221;45px&#8221; title_font_size_tablet=&#8221;45px&#8221; title_font_size_phone=&#8221;30px&#8221; title_font_size_last_edited=&#8221;on|phone&#8221; global_colors_info=&#8221;{}&#8221;][\/et_pb_heading][\/et_pb_column][\/et_pb_row][et_pb_row column_structure=&#8221;1_3,1_3,1_3&#8243; use_custom_gutter=&#8221;on&#8221; gutter_width=&#8221;2&#8243; make_equal=&#8221;on&#8221; _builder_version=&#8221;4.25.2&#8243; _module_preset=&#8221;default&#8221; width_tablet=&#8221;70%&#8221; width_phone=&#8221;95%&#8221; custom_padding=&#8221;40px||40px||true|true&#8221; custom_padding_tablet=&#8221;||||false|false&#8221; custom_padding_phone=&#8221;20px||||false|false&#8221; global_colors_info=&#8221;{}&#8221;][et_pb_column type=&#8221;1_3&#8243; _builder_version=&#8221;4.25.2&#8243; _module_preset=&#8221;default&#8221; border_radii=&#8221;on|16px|16px|16px|16px&#8221; box_shadow_style=&#8221;preset2&#8243; global_colors_info=&#8221;{}&#8221;][et_pb_blurb title=&#8221;Ihr Lager setzt noch auf Papier? &#8221; image=&#8221;https:\/\/www.a-w.com\/wp-content\/uploads\/2024\/07\/01_no-paper-1.png&#8221; image_icon_width=&#8221;50%&#8221; _builder_version=&#8221;4.25.2&#8243; _module_preset=&#8221;default&#8221; header_font=&#8221;|600|||||||&#8221; header_font_size=&#8221;24px&#8221; header_line_height=&#8221;1.4em&#8221; background_color=&#8221;#FFFFFF&#8221; image_icon_custom_margin=&#8221;||10px||false|false&#8221; text_orientation=&#8221;center&#8221; custom_margin_tablet=&#8221;||||false|false&#8221; custom_margin_phone=&#8221;||||false|false&#8221; custom_margin_last_edited=&#8221;on|tablet&#8221; custom_padding=&#8221;30px|30px|30px|30px|true|true&#8221; global_colors_info=&#8221;{}&#8221;]<\/p>\n<p>Verbrauchen Sie weniger Papier und nutzen Sie direkt stets aktuelle Daten aus Ihrem A+W-System. Erfassen und bearbeiten Sie Daten an Ort und Stelle.<\/p>\n<p>[\/et_pb_blurb][\/et_pb_column][et_pb_column type=&#8221;1_3&#8243; _builder_version=&#8221;4.25.2&#8243; _module_preset=&#8221;default&#8221; border_radii=&#8221;on|16px|16px|16px|16px&#8221; box_shadow_style=&#8221;preset2&#8243; global_colors_info=&#8221;{}&#8221;][et_pb_blurb title=&#8221;Sie verlieren wertvolle Zeit? &#8221; image=&#8221;https:\/\/www.a-w.com\/wp-content\/uploads\/2024\/07\/02_time_re.png&#8221; image_icon_width=&#8221;50%&#8221; _builder_version=&#8221;4.25.2&#8243; _module_preset=&#8221;default&#8221; header_font=&#8221;|600|||||||&#8221; header_font_size=&#8221;24px&#8221; header_line_height=&#8221;1.4em&#8221; background_color=&#8221;#FFFFFF&#8221; image_icon_custom_margin=&#8221;||10px||false|false&#8221; text_orientation=&#8221;center&#8221; custom_padding=&#8221;30px|30px|30px|30px|true|true&#8221; global_colors_info=&#8221;{}&#8221;]<\/p>\n<p>Verabschieden Sie sich von unn\u00f6tigen Arbeitsschritten und Doppelerfassungen. Fokussieren Sie sich auf das Wesentliche und profitieren Sie von Ihrem Companion.<\/p>\n<p>[\/et_pb_blurb][\/et_pb_column][et_pb_column type=&#8221;1_3&#8243; _builder_version=&#8221;4.25.2&#8243; _module_preset=&#8221;default&#8221; border_radii=&#8221;on|16px|16px|16px|16px&#8221; box_shadow_style=&#8221;preset2&#8243; global_colors_info=&#8221;{}&#8221;][et_pb_blurb title=&#8221;Optimieren Sie Ihre Prozesse? &#8221; image=&#8221;https:\/\/www.a-w.com\/wp-content\/uploads\/2024\/07\/03_digital-only_cut.png&#8221; image_icon_width=&#8221;50%&#8221; _builder_version=&#8221;4.25.2&#8243; _module_preset=&#8221;default&#8221; header_font=&#8221;|600|||||||&#8221; header_font_size=&#8221;24px&#8221; header_line_height=&#8221;1.4em&#8221; background_color=&#8221;#FFFFFF&#8221; image_icon_custom_margin=&#8221;||10px||false|false&#8221; text_orientation=&#8221;center&#8221; custom_padding=&#8221;30px|30px|30px|30px|true|true&#8221; global_colors_info=&#8221;{}&#8221;]Schluss mit l\u00e4stigen Fehlerquellen wie Zahlendrehern und vergessenen Nummern. Beseitigen Sie umst\u00e4ndliche Arbeitsabl\u00e4ufe und setzen Sie auf digitalisierte Prozesse.[\/et_pb_blurb][\/et_pb_column][\/et_pb_row][\/et_pb_section][et_pb_section fb_built=&#8221;1&#8243; custom_padding_last_edited=&#8221;on|phone&#8221; _builder_version=&#8221;4.25.2&#8243; _module_preset=&#8221;default&#8221; custom_padding=&#8221;||40px||false|false&#8221; custom_padding_tablet=&#8221;||40px||false|false&#8221; custom_padding_phone=&#8221;0px||40px||false|false&#8221; global_colors_info=&#8221;{}&#8221;][et_pb_row _builder_version=&#8221;4.25.2&#8243; _module_preset=&#8221;default&#8221; width_phone=&#8221;90%&#8221; custom_margin=&#8221;||||false|false&#8221; custom_padding=&#8221;40px||40px||true|false&#8221; global_colors_info=&#8221;{}&#8221;][et_pb_column type=&#8221;4_4&#8243; _builder_version=&#8221;4.25.2&#8243; _module_preset=&#8221;default&#8221; global_colors_info=&#8221;{}&#8221;][et_pb_heading title=&#8221;Nahtlose Integration in Ihre Arbeitsprozesse &#8221; _builder_version=&#8221;4.25.2&#8243; _module_preset=&#8221;default&#8221; title_font=&#8221;|800|||||||&#8221; title_font_size=&#8221;49px&#8221; title_font_size_tablet=&#8221;49px&#8221; title_font_size_phone=&#8221;30px&#8221; title_font_size_last_edited=&#8221;on|phone&#8221; global_colors_info=&#8221;{}&#8221;][\/et_pb_heading][\/et_pb_column][\/et_pb_row][et_pb_row column_structure=&#8221;3_5,2_5&#8243; _builder_version=&#8221;4.25.2&#8243; _module_preset=&#8221;default&#8221; width_phone=&#8221;90%&#8221; global_colors_info=&#8221;{}&#8221;][et_pb_column type=&#8221;3_5&#8243; _builder_version=&#8221;4.25.2&#8243; _module_preset=&#8221;default&#8221; global_colors_info=&#8221;{}&#8221;][et_pb_text _builder_version=&#8221;4.25.2&#8243; _module_preset=&#8221;default&#8221; custom_padding=&#8221;||10px||false|false&#8221; global_colors_info=&#8221;{}&#8221;]Erledigen Sie einfach Ihre Aufgaben an Ort und Stelle ohne m\u00fchselige Datenbeschaffung and fixen Stationen in der Produktion. Das Beste: Ihre Leute behalten Ihre Aufgaben im Fokus und es geht nichts verloren.[\/et_pb_text][et_pb_text _builder_version=&#8221;4.25.2&#8243; _module_preset=&#8221;default&#8221; custom_padding=&#8221;||10px||false|false&#8221; global_colors_info=&#8221;{}&#8221;]Zum Beispiel der Wareneingang bestellter ESGs f\u00fcr Ihre ISO-Produktion: Durch die einfache Wareneingangsmeldung im A+W Smart Companion an der Laderampe wissen alle Kollegen in Echtzeit Bescheid. So kann in der AV direkt mit den dringend ben\u00f6tigten Bestellscheiben der Lauf geplant und in die Produktion gegeben werden. Au\u00dferdem k\u00f6nnen die Scheiben durch die Wareneingangsmeldung im A+W Smart Companion Stock auf ein BDE-Gestell gebucht werden. Dazu k\u00f6nnen Sie eigene Etiketten mit ihrem Barcode drucken und die Scheibe nahtlos in Ihrer Produktion verfolgen. Und das alles durch eine einzige Aktion in Ihrem A+W Smart Companion Stock![\/et_pb_text][et_pb_text _builder_version=&#8221;4.25.2&#8243; _module_preset=&#8221;default&#8221; custom_padding=&#8221;||10px||false|false&#8221; global_colors_info=&#8221;{}&#8221;]Dies ist eines vieler Beispiele f\u00fcr den Workflow mit Bestellscheiben in Ihrer Produktion. Nat\u00fcrlich behandelt der A+W Smart Companion Stock alle Arten von Wareneingangs- und Ausgangsmeldungen, egal ob Beschl\u00e4ge, Rahmenteil, Versieglungsmasse oder die PSA Ihrer Mitarbeiter und bietet so eine zentrale L\u00f6sung f\u00fcr s\u00e4mtliche Lagerhaltungsprozesse. Ein gro\u00dfer Vorteil f\u00fcr Sie ist die daraus resultierende, stetige Inventur in Ihrem Digitalen Lager 4.0.[\/et_pb_text][\/et_pb_column][et_pb_column type=&#8221;2_5&#8243; _builder_version=&#8221;4.25.2&#8243; _module_preset=&#8221;default&#8221; global_colors_info=&#8221;{}&#8221;][et_pb_image src=&#8221;https:\/\/www.a-w.com\/wp-content\/uploads\/2024\/07\/Alwin_and_mao_ani_finalfinallayers.gif&#8221; alt=&#8221;Alwin and Mao &#8211; Smart Companion&#8221; title_text=&#8221;Alwin_and_mao_ani_finalfinallayers&#8221; _builder_version=&#8221;4.25.2&#8243; _module_preset=&#8221;default&#8221; global_colors_info=&#8221;{}&#8221;][\/et_pb_image][\/et_pb_column][\/et_pb_row][et_pb_row module_id=&#8221;contact&#8221; _builder_version=&#8221;4.25.2&#8243; _module_preset=&#8221;default&#8221; width_phone=&#8221;90%&#8221; custom_margin=&#8221;|auto|15px|auto||&#8221; custom_padding=&#8221;40px||||false|false&#8221; custom_padding_phone=&#8221;40px||40px||true|false&#8221; global_colors_info=&#8221;{}&#8221;][et_pb_column type=&#8221;4_4&#8243; _builder_version=&#8221;4.25.2&#8243; _module_preset=&#8221;default&#8221; global_colors_info=&#8221;{}&#8221;][et_pb_heading title=&#8221;Demo vereinbaren&#8221; _builder_version=&#8221;4.25.2&#8243; _module_preset=&#8221;default&#8221; title_font=&#8221;|800|||||||&#8221; title_font_size=&#8221;49px&#8221; title_font_size_tablet=&#8221;49px&#8221; title_font_size_phone=&#8221;30px&#8221; title_font_size_last_edited=&#8221;on|phone&#8221; global_colors_info=&#8221;{}&#8221;][\/et_pb_heading][et_pb_text _builder_version=&#8221;4.27.4&#8243; _module_preset=&#8221;default&#8221; hover_enabled=&#8221;0&#8243; global_colors_info=&#8221;{}&#8221; sticky_enabled=&#8221;0&#8243;]<script charset=\"utf-8\" type=\"text\/javascript\" src=\"\/\/js-eu1.hsforms.net\/forms\/embed\/v2.js\"><\/script><br \/>\n<script>\n  hbspt.forms.create({\n    portalId: \"4091763\",\n    formId: \"2f6ec349-e51a-4a40-a8a1-e53bc0293f85\",\n    region: \"eu1\"\n  });\n<\/script>[\/et_pb_text][\/et_pb_column][\/et_pb_row][\/et_pb_section]<\/p>\n","protected":false},"excerpt":{"rendered":"<p>Digitalisieren Sie Ihr Lager! Entdecken Sie unsere innovative Digitalisierungsl\u00f6sung und revolutionieren Sie Ihr Lager mit unserem neuen A+W Smart Companion Stock.Mit dem A+W Smart Companion Stock k\u00f6nnen Sie alle Prozesse in Ihrem Lager \u00fcberwachen \u2013 vom Wareneingang \u00fcber Lagerbewegungen und Inventur bis zu Warenabg\u00e4ngen.Verbrauchen Sie weniger Papier und nutzen Sie direkt stets aktuelle Daten aus Ihrem A+W-System. Erfassen und bearbeiten Sie Daten an Ort und Stelle.Verabschieden Sie sich von unn\u00f6tigen Arbeitsschritten und Doppelerfassungen. Fokussieren Sie sich auf das Wesentliche und profitieren Sie von Ihrem Companion.Schluss mit l\u00e4stigen Fehlerquellen wie Zahlendrehern und vergessenen Nummern. Beseitigen Sie umst\u00e4ndliche Arbeitsabl\u00e4ufe und setzen Sie auf digitalisierte Prozesse.Erledigen Sie einfach Ihre Aufgaben an Ort und Stelle ohne m\u00fchselige Datenbeschaffung and fixen Stationen in der Produktion. Das Beste: Ihre Leute behalten Ihre Aufgaben im Fokus und es geht nichts verloren.Zum Beispiel der Wareneingang bestellter ESGs f\u00fcr Ihre ISO-Produktion: Durch die einfache Wareneingangsmeldung im A+W Smart Companion an der Laderampe wissen alle Kollegen in Echtzeit Bescheid. So kann in der AV direkt mit den dringend ben\u00f6tigten Bestellscheiben der Lauf geplant und in die Produktion gegeben werden. Au\u00dferdem k\u00f6nnen die Scheiben durch die Wareneingangsmeldung im A+W Smart Companion Stock auf ein BDE-Gestell gebucht werden. Dazu k\u00f6nnen Sie eigene [&hellip;]<\/p>\n","protected":false},"author":4,"featured_media":0,"parent":0,"menu_order":0,"comment_status":"closed","ping_status":"closed","template":"","meta":{"_et_pb_use_builder":"on","_et_pb_old_content":"","_et_gb_content_width":"","footnotes":""},"class_list":["post-5239","page","type-page","status-publish","hentry"],"_links":{"self":[{"href":"https:\/\/www.a-w.com\/de\/wp-json\/wp\/v2\/pages\/5239","targetHints":{"allow":["GET"]}}],"collection":[{"href":"https:\/\/www.a-w.com\/de\/wp-json\/wp\/v2\/pages"}],"about":[{"href":"https:\/\/www.a-w.com\/de\/wp-json\/wp\/v2\/types\/page"}],"author":[{"embeddable":true,"href":"https:\/\/www.a-w.com\/de\/wp-json\/wp\/v2\/users\/4"}],"replies":[{"embeddable":true,"href":"https:\/\/www.a-w.com\/de\/wp-json\/wp\/v2\/comments?post=5239"}],"version-history":[{"count":1,"href":"https:\/\/www.a-w.com\/de\/wp-json\/wp\/v2\/pages\/5239\/revisions"}],"predecessor-version":[{"id":8484,"href":"https:\/\/www.a-w.com\/de\/wp-json\/wp\/v2\/pages\/5239\/revisions\/8484"}],"wp:attachment":[{"href":"https:\/\/www.a-w.com\/de\/wp-json\/wp\/v2\/media?parent=5239"}],"curies":[{"name":"wp","href":"https:\/\/api.w.org\/{rel}","templated":true}]}}