{"id":4263,"date":"2024-01-22T12:55:54","date_gmt":"2024-01-22T11:55:54","guid":{"rendered":"https:\/\/a-w.com\/kontakt\/"},"modified":"2025-12-16T17:31:21","modified_gmt":"2025-12-16T16:31:21","slug":"kontakt","status":"publish","type":"page","link":"https:\/\/www.a-w.com\/de\/kontakt\/","title":{"rendered":"Kontakt"},"content":{"rendered":"<p>[et_pb_section fb_built=&#8221;1&#8243; _builder_version=&#8221;4.23.4&#8243; _module_preset=&#8221;default&#8221; custom_margin=&#8221;||||false|false&#8221; custom_padding=&#8221;40px||40px||false|false&#8221; global_colors_info=&#8221;{}&#8221;][et_pb_row admin_label=&#8221;Zeile&#8221; _builder_version=&#8221;4.27.0&#8243; _module_preset=&#8221;default&#8221; custom_padding_phone=&#8221;|10px||10px|false|true&#8221; global_colors_info=&#8221;{}&#8221;][et_pb_column type=&#8221;4_4&#8243; _builder_version=&#8221;4.24.3&#8243; _module_preset=&#8221;default&#8221; global_colors_info=&#8221;{}&#8221;][et_pb_heading title=&#8221;Kontaktieren Sie uns&#8221; _builder_version=&#8221;4.27.0&#8243; _module_preset=&#8221;default&#8221; title_level=&#8221;h1&#8243; title_text_align=&#8221;center&#8221; title_font_size_tablet=&#8221;&#8221; title_font_size_phone=&#8221;57px&#8221; title_font_size_last_edited=&#8221;on|phone&#8221; global_colors_info=&#8221;{}&#8221;][\/et_pb_heading][\/et_pb_column][\/et_pb_row][et_pb_row column_structure=&#8221;1_2,1_2&#8243; use_custom_gutter=&#8221;on&#8221; gutter_width=&#8221;2&#8243; make_equal=&#8221;on&#8221; _builder_version=&#8221;4.25.2&#8243; _module_preset=&#8221;default&#8221; custom_margin=&#8221;||||false|false&#8221; custom_padding=&#8221;|0px|50px|0px|false|true&#8221; custom_css_main_element=&#8221;align-items: center;&#8221; border_radii=&#8221;on|16px|16px|16px|16px&#8221; global_colors_info=&#8221;{}&#8221;][et_pb_column type=&#8221;1_2&#8243; _builder_version=&#8221;4.25.2&#8243; _module_preset=&#8221;default&#8221; custom_padding_tablet=&#8221;&#8221; custom_padding_phone=&#8221;|20px||20px|false|true&#8221; custom_padding_last_edited=&#8221;on|phone&#8221; border_radii=&#8221;on|16px|16px|16px|16px&#8221; global_colors_info=&#8221;{}&#8221;][et_pb_cta title=&#8221;Kontaktieren Sie unser Verkaufsteam&#8221; button_url=&#8221;\/de\/kontakt\/#kontakt&#8221; button_text=&#8221;Kontaktieren Sie uns&#8221; _builder_version=&#8221;4.27.0&#8243; _module_preset=&#8221;default&#8221; header_font=&#8221;||||||||&#8221; header_font_size=&#8221;40px&#8221; body_font=&#8221;||||||||&#8221; background_color=&#8221;#FFFFFF&#8221; use_background_color_gradient=&#8221;on&#8221; background_color_gradient_stops=&#8221;#004fa3 0%|#58aaff 100%&#8221; custom_button=&#8221;on&#8221; button_text_color=&#8221;#004FA3&#8243; button_bg_color=&#8221;#FFFFFF&#8221; button_border_width=&#8221;2px&#8221; button_border_color=&#8221;#FFFFFF&#8221; button_border_radius=&#8221;10px&#8221; button_font=&#8221;|600|||||||&#8221; button_icon=&#8221;&#xf061;||fa||900&#8243; button_alignment=&#8221;center&#8221; button_custom_margin=&#8221;||||false|false&#8221; custom_margin=&#8221;20px||20px||false|false&#8221; custom_padding=&#8221;25px||25px||true|false&#8221; header_font_size_tablet=&#8221;40px&#8221; header_font_size_phone=&#8221;32px&#8221; header_font_size_last_edited=&#8221;on|phone&#8221; custom_css_promo_button=&#8221;width:100%&#8221; border_radii=&#8221;on|10px|10px|10px|10px&#8221; box_shadow_style_button=&#8221;preset6&#8243; box_shadow_blur_button=&#8221;0px&#8221; box_shadow_color_button=&#8221;rgba(47,105,163,0.58)&#8221; global_colors_info=&#8221;{}&#8221; button_text_color__hover=&#8221;#FFFFFF&#8221; button_text_color__hover_enabled=&#8221;on|hover&#8221; button_bg_color__hover=&#8221;RGBA(255,255,255,0)&#8221; button_bg_color__hover_enabled=&#8221;on|hover&#8221; box_shadow_blur_button__hover=&#8221;18px&#8221; box_shadow_blur_button__hover_enabled=&#8221;on|hover&#8221;]<\/p>\n<p>W\u00fcnschen Sie weitere Informationen und eine Demo?<br \/>Bitte wenden Sie sich an unser Verkaufsteam.<\/p>\n<p>[\/et_pb_cta][\/et_pb_column][et_pb_column type=&#8221;1_2&#8243; _builder_version=&#8221;4.25.2&#8243; _module_preset=&#8221;default&#8221; custom_padding_tablet=&#8221;&#8221; custom_padding_phone=&#8221;|20px||20px|false|true&#8221; custom_padding_last_edited=&#8221;on|phone&#8221; border_radii=&#8221;on|16px|16px|16px|16px&#8221; global_colors_info=&#8221;{}&#8221;][et_pb_cta title=&#8221;Produkt- und Kundenbetreuung&#8221; button_url=&#8221;https:\/\/portal.a-w.com\/member-login\/&#8221; url_new_window=&#8221;on&#8221; button_text=&#8221;Kundenportal&#8221; _builder_version=&#8221;4.27.0&#8243; _module_preset=&#8221;default&#8221; header_font=&#8221;||||||||&#8221; header_font_size=&#8221;40px&#8221; body_font=&#8221;||||||||&#8221; background_color=&#8221;#FFFFFF&#8221; use_background_color_gradient=&#8221;on&#8221; background_color_gradient_stops=&#8221;#004fa3 0%|#58aaff 100%&#8221; custom_button=&#8221;on&#8221; button_text_color=&#8221;#004FA3&#8243; button_bg_color=&#8221;#FFFFFF&#8221; button_border_width=&#8221;2px&#8221; button_border_color=&#8221;#FFFFFF&#8221; button_border_radius=&#8221;10px&#8221; button_font=&#8221;|600|||||||&#8221; button_icon=&#8221;&#xf061;||fa||900&#8243; button_alignment=&#8221;center&#8221; button_custom_margin=&#8221;||||false|false&#8221; custom_margin=&#8221;20px||20px||false|false&#8221; custom_padding=&#8221;25px||25px||true|false&#8221; header_text_align_tablet=&#8221;&#8221; header_text_align_phone=&#8221;center&#8221; header_text_align_last_edited=&#8221;on|phone&#8221; header_font_size_tablet=&#8221;40px&#8221; header_font_size_phone=&#8221;32px&#8221; header_font_size_last_edited=&#8221;on|phone&#8221; custom_css_promo_button=&#8221;width:100%&#8221; border_radii=&#8221;on|10px|10px|10px|10px&#8221; box_shadow_style_button=&#8221;preset6&#8243; box_shadow_blur_button=&#8221;0px&#8221; box_shadow_color_button=&#8221;rgba(47,105,163,0.58)&#8221; locked=&#8221;off&#8221; global_colors_info=&#8221;{}&#8221; button_text_color__hover=&#8221;#FFFFFF&#8221; button_text_color__hover_enabled=&#8221;on|hover&#8221; button_bg_color__hover=&#8221;RGBA(255,255,255,0)&#8221; button_bg_color__hover_enabled=&#8221;on|hover&#8221; box_shadow_blur_button__hover=&#8221;18px&#8221; box_shadow_blur_button__hover_enabled=&#8221;on|hover&#8221;]<\/p>\n<p>Unser Kundendienstteam ist f\u00fcr Sie da!<br \/>Als A+W Kunde k\u00f6nnen Sie diese in unserem Kundenportal erreichen.<\/p>\n<p>[\/et_pb_cta][\/et_pb_column][\/et_pb_row][et_pb_row disabled_on=&#8221;on|off|off&#8221; _builder_version=&#8221;4.27.5&#8243; _module_preset=&#8221;default&#8221; custom_margin=&#8221;20px||20px||true|false&#8221; hover_enabled=&#8221;0&#8243; global_colors_info=&#8221;{}&#8221; sticky_enabled=&#8221;0&#8243;][et_pb_column type=&#8221;4_4&#8243; _builder_version=&#8221;4.26.1&#8243; _module_preset=&#8221;default&#8221; global_colors_info=&#8221;{}&#8221;][et_pb_text _builder_version=&#8221;4.27.4&#8243; _module_preset=&#8221;default&#8221; global_colors_info=&#8221;{}&#8221;]<\/p>\n<div class=\"map_wrapper\" id=\"map_wrapper_8441\">\n<div class=\"map_box\" style=\"max-width:2000px\"><div class=\"igm_select_container \">\n<select class=\"igm_select_choices\" data-noresults=\"No Matches\" data-select=\"Tap to Select\" data-map-id=\"8441\" id=\"igm_select_8441\">\n<option value=\"\">Unser Verkaufsteam nach Regionen<\/option><option id=\"option-geo-Asien\" data-map-id=\"8441\" value=\"Asien\" data-custom-properties=\"{&quot;name&quot;: &quot;&quot;;}\"><\/option><option id=\"option-geo-Australien\" data-map-id=\"8441\" value=\"Australien\" data-custom-properties=\"{&quot;name&quot;: &quot;&quot;;}\"><\/option><option id=\"option-geo-Frankreich, Naher Osten &amp; Afrika\" data-map-id=\"8441\" value=\"Frankreich, Naher Osten &amp; Afrika\" data-custom-properties=\"{&quot;name&quot;: &quot;&quot;;}\"><\/option><option id=\"option-geo-Lateinamerika, Spanien &amp; Portugal\" data-map-id=\"8441\" value=\"Lateinamerika, Spanien &amp; Portugal\" data-custom-properties=\"{&quot;name&quot;: &quot;&quot;;}\"><\/option><option id=\"option-geo-Mitteleuropa\" data-map-id=\"8441\" value=\"Mitteleuropa\" data-custom-properties=\"{&quot;name&quot;: &quot;&quot;;}\"><\/option><option id=\"option-geo-Nordamerika\" data-map-id=\"8441\" value=\"Nordamerika\" data-custom-properties=\"{&quot;name&quot;: &quot;&quot;;}\"><\/option><option id=\"option-geo-Nord- und Osteuropa\" data-map-id=\"8441\" value=\"Nord- und Osteuropa\" data-custom-properties=\"{&quot;name&quot;: &quot;&quot;;}\"><\/option><option id=\"option-geo-Polen\" data-map-id=\"8441\" value=\"Polen\" data-custom-properties=\"{&quot;name&quot;: &quot;&quot;;}\"><\/option><\/select><\/div>\n<div class=\"map_aspect_ratio\" style=\"padding-top:56%\" data-padding-top=\"56%\" data-padding-top-mobile=\"0%\">\n<div class=\"map_container\">\n<div class=\"map_render map_loading\" id=\"map_8441\"><\/div>\n<\/div>\n<\/div>\n<\/div><div class=\"igm-external-legend-container\"><ul data-base-map-id=\"8441\" id=\"igm-external-legend-8441\" class=\"igm-external-legend\"><li class=\"igm-external-legend-entry\"><span class=\"igm-external-legend-graphic\" style=\"background:#55bac1\"><\/span>Asien<\/li><li class=\"igm-external-legend-entry\"><span class=\"igm-external-legend-graphic\" style=\"background:#e1e8b1\"><\/span>Australien<\/li><li class=\"igm-external-legend-entry\"><span class=\"igm-external-legend-graphic\" style=\"background:#f0c0a2\"><\/span>Frankreich, Naher Osten &amp; Afrika<\/li><li class=\"igm-external-legend-entry\"><span class=\"igm-external-legend-graphic\" style=\"background:#f2d7ab\"><\/span>Lateinamerika, Spanien &amp; Portugal<\/li><li class=\"igm-external-legend-entry\"><span class=\"igm-external-legend-graphic\" style=\"background:#e2afc0\"><\/span>Mitteleuropa<\/li><li class=\"igm-external-legend-entry\"><span class=\"igm-external-legend-graphic\" style=\"background:#acd0eb\"><\/span>Nordamerika<\/li><li class=\"igm-external-legend-entry\"><span class=\"igm-external-legend-graphic\" style=\"background:#c1ded4\"><\/span>Nord-\/Osteuropa<\/li><\/ul><\/div>\n<\/div>\n<p>[\/et_pb_text][\/et_pb_column][\/et_pb_row][et_pb_row admin_label=&#8221;Zeile&#8221; _builder_version=&#8221;4.25.2&#8243; _module_preset=&#8221;default&#8221; width_phone=&#8221;85%&#8221; custom_margin=&#8221;20px||||false|false&#8221; global_colors_info=&#8221;{}&#8221;][et_pb_column type=&#8221;4_4&#8243; _builder_version=&#8221;4.24.3&#8243; _module_preset=&#8221;default&#8221; global_colors_info=&#8221;{}&#8221;][et_pb_heading title=&#8221;Unsere Standorte&#8221; admin_label=&#8221;Our offices&#8221; _builder_version=&#8221;4.24.3&#8243; _module_preset=&#8221;default&#8221; title_level=&#8221;h3&#8243; title_font_size=&#8221;40px&#8221; global_colors_info=&#8221;{}&#8221;][\/et_pb_heading][\/et_pb_column][\/et_pb_row][et_pb_row column_structure=&#8221;1_3,1_3,1_3&#8243; _builder_version=&#8221;4.25.2&#8243; _module_preset=&#8221;default&#8221; width_phone=&#8221;85%&#8221; global_colors_info=&#8221;{}&#8221;][et_pb_column type=&#8221;1_3&#8243; _builder_version=&#8221;4.24.3&#8243; _module_preset=&#8221;default&#8221; global_colors_info=&#8221;{}&#8221;][et_pb_blurb title=&#8221;Australien&#8221; admin_label=&#8221;Australia&#8221; _builder_version=&#8221;4.24.3&#8243; _module_preset=&#8221;default&#8221; global_colors_info=&#8221;{}&#8221;]A+W Software Australia Pty. Ltd.<br \/>\n37 Brandl Street<br \/>\nEight Mile Plains<br \/>\nQueensland, 4113[\/et_pb_blurb][\/et_pb_column][et_pb_column type=&#8221;1_3&#8243; _builder_version=&#8221;4.24.3&#8243; _module_preset=&#8221;default&#8221; global_colors_info=&#8221;{}&#8221;][et_pb_blurb title=&#8221;Frankreich&#8221; admin_label=&#8221;France&#8221; _builder_version=&#8221;4.24.3&#8243; _module_preset=&#8221;default&#8221; locked=&#8221;off&#8221; global_colors_info=&#8221;{}&#8221;]A+W Software France SAS<br \/>\n62 Avenue des Fr\u00e8res Montgolfier<br \/>\n69740 Genas<br \/>\nFrankreich[\/et_pb_blurb][\/et_pb_column][et_pb_column type=&#8221;1_3&#8243; _builder_version=&#8221;4.24.3&#8243; _module_preset=&#8221;default&#8221; global_colors_info=&#8221;{}&#8221;][et_pb_blurb title=&#8221;Deutschland&#8221; admin_label=&#8221;Germany&#8221; _builder_version=&#8221;4.24.3&#8243; _module_preset=&#8221;default&#8221; locked=&#8221;off&#8221; global_colors_info=&#8221;{}&#8221;]<\/p>\n<p>A+W Software GmbH<br \/>Siemensstra\u00dfe 3<br \/>35463 Fernwald<br \/>Deutschland<\/p>\n<p>[\/et_pb_blurb][\/et_pb_column][\/et_pb_row][et_pb_row column_structure=&#8221;1_3,1_3,1_3&#8243; _builder_version=&#8221;4.25.2&#8243; _module_preset=&#8221;default&#8221; width_phone=&#8221;85%&#8221; custom_margin=&#8221;20px||20px||false|false&#8221; locked=&#8221;off&#8221; global_colors_info=&#8221;{}&#8221;][et_pb_column type=&#8221;1_3&#8243; _builder_version=&#8221;4.24.3&#8243; _module_preset=&#8221;default&#8221; global_colors_info=&#8221;{}&#8221;][et_pb_blurb title=&#8221;Mexiko&#8221; admin_label=&#8221;Mexico&#8221; _builder_version=&#8221;4.24.3&#8243; _module_preset=&#8221;default&#8221; locked=&#8221;off&#8221; global_colors_info=&#8221;{}&#8221;]<\/p>\n<p>A+W Software Services Latin America S de RL de CV<br \/>Calle 18, Num. 315<br \/>Col. C\u00e1mara de Comercio Norte<br \/>97133 M\u00e9rida (Yucat\u00e1n)<br \/>Mexiko<\/p>\n<p>[\/et_pb_blurb][\/et_pb_column][et_pb_column type=&#8221;1_3&#8243; _builder_version=&#8221;4.24.3&#8243; _module_preset=&#8221;default&#8221; global_colors_info=&#8221;{}&#8221;][et_pb_blurb title=&#8221;Polen&#8221; admin_label=&#8221;Poland&#8221; _builder_version=&#8221;4.24.3&#8243; _module_preset=&#8221;default&#8221; locked=&#8221;off&#8221; global_colors_info=&#8221;{}&#8221;]<\/p>\n<p>A+W Software Polska Sp.z.o.o.<br \/>ul. Sikorskiego 44<br \/>62-300 Wrze\u015bnia<br \/>Polen<\/p>\n<p>[\/et_pb_blurb][\/et_pb_column][et_pb_column type=&#8221;1_3&#8243; _builder_version=&#8221;4.24.3&#8243; _module_preset=&#8221;default&#8221; global_colors_info=&#8221;{}&#8221;][et_pb_blurb title=&#8221;Schweden&#8221; admin_label=&#8221;Sweden&#8221; _builder_version=&#8221;4.24.3&#8243; _module_preset=&#8221;default&#8221; locked=&#8221;off&#8221; global_colors_info=&#8221;{}&#8221;]<\/p>\n<p>A+W Software Sweden AB<br \/>Industriv\u00e4gen 17<br \/>302 41 Halmstad<br \/>Schweden<\/p>\n<p>[\/et_pb_blurb][\/et_pb_column][\/et_pb_row][et_pb_row column_structure=&#8221;1_3,1_3,1_3&#8243; _builder_version=&#8221;4.25.2&#8243; _module_preset=&#8221;default&#8221; width_phone=&#8221;85%&#8221; locked=&#8221;off&#8221; global_colors_info=&#8221;{}&#8221;][et_pb_column type=&#8221;1_3&#8243; _builder_version=&#8221;4.24.3&#8243; _module_preset=&#8221;default&#8221; global_colors_info=&#8221;{}&#8221;][et_pb_blurb title=&#8221;Gro\u00dfbritannien&#8221; admin_label=&#8221;United Kingdom&#8221; _builder_version=&#8221;4.24.3&#8243; _module_preset=&#8221;default&#8221; locked=&#8221;off&#8221; global_colors_info=&#8221;{}&#8221;]A+W Software UK Ltd.<br \/>\nc\/o Hillier Hopkins LLP<br \/>\nRadius House, 51 Clarendon Road<br \/>\nWatford, WD17 1HP<br \/>\nHertfordshire [\/et_pb_blurb][\/et_pb_column][et_pb_column type=&#8221;1_3&#8243; _builder_version=&#8221;4.24.3&#8243; _module_preset=&#8221;default&#8221; global_colors_info=&#8221;{}&#8221;][et_pb_blurb title=&#8221;USA&#8221; admin_label=&#8221;USA&#8221; _builder_version=&#8221;4.24.3&#8243; _module_preset=&#8221;default&#8221; locked=&#8221;off&#8221; global_colors_info=&#8221;{}&#8221;]<\/p>\n<p>A+W Software USA Inc.<br \/>C\/O Vela US Holdco Inc.<br \/>8770 West Bryn Mawr Avenue, Suite 1300<br \/>Chicago, Illinois 60631<br \/>USA<\/p>\n<p>[\/et_pb_blurb][\/et_pb_column][et_pb_column type=&#8221;1_3&#8243; _builder_version=&#8221;4.24.3&#8243; _module_preset=&#8221;default&#8221; global_colors_info=&#8221;{}&#8221;][\/et_pb_column][\/et_pb_row][et_pb_row admin_label=&#8221;Kontaktformular&#8221; _builder_version=&#8221;4.27.5&#8243; _module_preset=&#8221;default&#8221; width_phone=&#8221;85%&#8221; custom_padding=&#8221;40px||40px||true|false&#8221; hover_enabled=&#8221;0&#8243; global_colors_info=&#8221;{}&#8221; module_id=&#8221;kontakt&#8221; sticky_enabled=&#8221;0&#8243;][et_pb_column type=&#8221;4_4&#8243; _builder_version=&#8221;4.24.3&#8243; _module_preset=&#8221;default&#8221; global_colors_info=&#8221;{}&#8221;][et_pb_heading title=&#8221;Kontaktformular&#8221; admin_label=&#8221;Our offices&#8221; _builder_version=&#8221;4.24.3&#8243; _module_preset=&#8221;default&#8221; title_level=&#8221;h3&#8243; title_font_size=&#8221;40px&#8221; global_colors_info=&#8221;{}&#8221;][\/et_pb_heading][et_pb_text _builder_version=&#8221;4.27.4&#8243; _module_preset=&#8221;default&#8221; custom_padding=&#8221;10px||10px||true|false&#8221; global_colors_info=&#8221;{}&#8221;]<script charset=\"utf-8\" type=\"text\/javascript\" src=\"\/\/js-eu1.hsforms.net\/forms\/embed\/v2.js\"><\/script><br \/>\n<script>\n  hbspt.forms.create({\n    portalId: \"4091763\",\n    formId: \"fbf7f6c2-e041-45cb-8ba3-5beed9ac3146\",\n    region: \"eu1\"\n  });\n<\/script>[\/et_pb_text][\/et_pb_column][\/et_pb_row][\/et_pb_section]<\/p>\n","protected":false},"excerpt":{"rendered":"<p>W\u00fcnschen Sie weitere Informationen und eine Demo?Bitte wenden Sie sich an unser Verkaufsteam.Unser Kundendienstteam ist f\u00fcr Sie da!Als A+W Kunde k\u00f6nnen Sie diese in unserem Kundenportal erreichen.<div class=\"map_wrapper\" id=\"map_wrapper_8441\">\n<div class=\"map_box\" style=\"max-width:2000px\"><div class=\"igm_select_container \">\n<select class=\"igm_select_choices\" data-noresults=\"No Matches\" data-select=\"Tap to Select\" data-map-id=\"8441\" id=\"igm_select_8441\">\n<option value=\"\">Unser Verkaufsteam nach Regionen<\/option><option id=\"option-geo-Asien\" data-map-id=\"8441\" value=\"Asien\" data-custom-properties=\"{&quot;name&quot;: &quot;&quot;;}\"><\/option><option id=\"option-geo-Australien\" data-map-id=\"8441\" value=\"Australien\" data-custom-properties=\"{&quot;name&quot;: &quot;&quot;;}\"><\/option><option id=\"option-geo-Frankreich, Naher Osten &amp; Afrika\" data-map-id=\"8441\" value=\"Frankreich, Naher Osten &amp; Afrika\" data-custom-properties=\"{&quot;name&quot;: &quot;&quot;;}\"><\/option><option id=\"option-geo-Lateinamerika, Spanien &amp; Portugal\" data-map-id=\"8441\" value=\"Lateinamerika, Spanien &amp; Portugal\" data-custom-properties=\"{&quot;name&quot;: &quot;&quot;;}\"><\/option><option id=\"option-geo-Mitteleuropa\" data-map-id=\"8441\" value=\"Mitteleuropa\" data-custom-properties=\"{&quot;name&quot;: &quot;&quot;;}\"><\/option><option id=\"option-geo-Nordamerika\" data-map-id=\"8441\" value=\"Nordamerika\" data-custom-properties=\"{&quot;name&quot;: &quot;&quot;;}\"><\/option><option id=\"option-geo-Nord- und Osteuropa\" data-map-id=\"8441\" value=\"Nord- und Osteuropa\" data-custom-properties=\"{&quot;name&quot;: &quot;&quot;;}\"><\/option><option id=\"option-geo-Polen\" data-map-id=\"8441\" value=\"Polen\" data-custom-properties=\"{&quot;name&quot;: &quot;&quot;;}\"><\/option><\/select><\/div>\n<div class=\"map_aspect_ratio\" style=\"padding-top:56%\" data-padding-top=\"56%\" data-padding-top-mobile=\"0%\">\n<div class=\"map_container\">\n<div class=\"map_render map_loading\" id=\"map_8441\"><\/div>\n<\/div>\n<\/div>\n<\/div><div class=\"igm-external-legend-container\"><ul data-base-map-id=\"8441\" id=\"igm-external-legend-8441\" class=\"igm-external-legend\"><li class=\"igm-external-legend-entry\"><span class=\"igm-external-legend-graphic\" style=\"background:#55bac1\"><\/span>Asien<\/li><li class=\"igm-external-legend-entry\"><span class=\"igm-external-legend-graphic\" style=\"background:#e1e8b1\"><\/span>Australien<\/li><li class=\"igm-external-legend-entry\"><span class=\"igm-external-legend-graphic\" style=\"background:#f0c0a2\"><\/span>Frankreich, Naher Osten &amp; Afrika<\/li><li class=\"igm-external-legend-entry\"><span class=\"igm-external-legend-graphic\" style=\"background:#f2d7ab\"><\/span>Lateinamerika, Spanien &amp; Portugal<\/li><li class=\"igm-external-legend-entry\"><span class=\"igm-external-legend-graphic\" style=\"background:#e2afc0\"><\/span>Mitteleuropa<\/li><li class=\"igm-external-legend-entry\"><span class=\"igm-external-legend-graphic\" style=\"background:#acd0eb\"><\/span>Nordamerika<\/li><li class=\"igm-external-legend-entry\"><span class=\"igm-external-legend-graphic\" style=\"background:#c1ded4\"><\/span>Nord-\/Osteuropa<\/li><\/ul><\/div>\n<\/div>A+W Software Australia Pty. Ltd. 37 Brandl Street Eight Mile Plains Queensland, 4113A+W Software France SAS 62 Avenue des Fr\u00e8res Montgolfier 69740 Genas FrankreichA+W Software GmbHSiemensstra\u00dfe 335463 FernwaldDeutschlandA+W Software Services Latin America S de RL de CVCalle 18, Num. 315Col. C\u00e1mara de Comercio Norte97133 M\u00e9rida (Yucat\u00e1n)MexikoA+W Software Polska Sp.z.o.o.ul. Sikorskiego 4462-300 Wrze\u015bniaPolenA+W Software Sweden ABIndustriv\u00e4gen 17302 41 HalmstadSchwedenA+W Software UK Ltd. c\/o Hillier Hopkins LLP Radius House, 51 Clarendon Road Watford, WD17 1HP Hertfordshire A+W Software USA Inc.C\/O Vela US Holdco Inc.8770 West Bryn Mawr Avenue, Suite 1300Chicago, Illinois 60631USA<\/p>\n","protected":false},"author":4,"featured_media":0,"parent":0,"menu_order":0,"comment_status":"closed","ping_status":"closed","template":"","meta":{"_et_pb_use_builder":"on","_et_pb_old_content":"","_et_gb_content_width":"","footnotes":""},"class_list":["post-4263","page","type-page","status-publish","hentry"],"_links":{"self":[{"href":"https:\/\/www.a-w.com\/de\/wp-json\/wp\/v2\/pages\/4263","targetHints":{"allow":["GET"]}}],"collection":[{"href":"https:\/\/www.a-w.com\/de\/wp-json\/wp\/v2\/pages"}],"about":[{"href":"https:\/\/www.a-w.com\/de\/wp-json\/wp\/v2\/types\/page"}],"author":[{"embeddable":true,"href":"https:\/\/www.a-w.com\/de\/wp-json\/wp\/v2\/users\/4"}],"replies":[{"embeddable":true,"href":"https:\/\/www.a-w.com\/de\/wp-json\/wp\/v2\/comments?post=4263"}],"version-history":[{"count":5,"href":"https:\/\/www.a-w.com\/de\/wp-json\/wp\/v2\/pages\/4263\/revisions"}],"predecessor-version":[{"id":8827,"href":"https:\/\/www.a-w.com\/de\/wp-json\/wp\/v2\/pages\/4263\/revisions\/8827"}],"wp:attachment":[{"href":"https:\/\/www.a-w.com\/de\/wp-json\/wp\/v2\/media?parent=4263"}],"curies":[{"name":"wp","href":"https:\/\/api.w.org\/{rel}","templated":true}]}}