{"id":3961,"date":"2024-04-30T12:57:50","date_gmt":"2024-04-30T10:57:50","guid":{"rendered":"https:\/\/a-w.com\/unsere-job-angebote\/"},"modified":"2026-03-24T17:28:14","modified_gmt":"2026-03-24T16:28:14","slug":"unsere-job-angebote","status":"publish","type":"page","link":"https:\/\/www.a-w.com\/de\/karriere\/unsere-job-angebote\/","title":{"rendered":"Unsere Jobangebote"},"content":{"rendered":"<p>[et_pb_section fb_built=&#8221;1&#8243; _builder_version=&#8221;4.25.1&#8243; _module_preset=&#8221;default&#8221; background_color=&#8221;rgba(255,255,255,0)&#8221; use_background_color_gradient=&#8221;on&#8221; background_color_gradient_stops=&#8221;#004fa3 0%|#58aaff 100%&#8221; background_enable_image=&#8221;off&#8221; background_size=&#8221;initial&#8221; height=&#8221;160px&#8221; height_tablet=&#8221;160px&#8221; height_phone=&#8221;200px&#8221; height_last_edited=&#8221;on|desktop&#8221; locked=&#8221;off&#8221; global_colors_info=&#8221;{}&#8221;][et_pb_row _builder_version=&#8221;4.25.1&#8243; _module_preset=&#8221;default&#8221; positioning=&#8221;absolute&#8221; position_origin_a=&#8221;bottom_center&#8221; width_phone=&#8221;85%&#8221; custom_margin=&#8221;||40px||false|false&#8221; custom_margin_tablet=&#8221;||40px||false|false&#8221; custom_margin_phone=&#8221;||10px||false|false&#8221; custom_margin_last_edited=&#8221;on|phone&#8221; global_colors_info=&#8221;{}&#8221;][et_pb_column type=&#8221;4_4&#8243; _builder_version=&#8221;4.22.0&#8243; _module_preset=&#8221;default&#8221; global_colors_info=&#8221;{}&#8221;][et_pb_heading title=&#8221;@ET-DC@eyJkeW5hbWljIjp0cnVlLCJjb250ZW50IjoicG9zdF90aXRsZSIsInNldHRpbmdzIjp7ImJlZm9yZSI6IiIsImFmdGVyIjoiIn19@&#8221; _builder_version=&#8221;4.25.1&#8243; _dynamic_attributes=&#8221;title&#8221; _module_preset=&#8221;default&#8221; title_level=&#8221;h1&#8243; title_font=&#8221;||||||||&#8221; title_text_color=&#8221;#FFFFFF&#8221; title_font_size=&#8221;72px&#8221; title_font_size_tablet=&#8221;72px&#8221; title_font_size_phone=&#8221;60px&#8221; title_font_size_last_edited=&#8221;on|phone&#8221; global_colors_info=&#8221;{}&#8221;][\/et_pb_heading][\/et_pb_column][\/et_pb_row][\/et_pb_section][et_pb_section fb_built=&#8221;1&#8243; custom_padding_last_edited=&#8221;on|phone&#8221; _builder_version=&#8221;4.25.1&#8243; _module_preset=&#8221;default&#8221; custom_margin=&#8221;||0px||false|false&#8221; custom_margin_tablet=&#8221;||0px||false|false&#8221; custom_margin_phone=&#8221;||||false|false&#8221; custom_margin_last_edited=&#8221;on|phone&#8221; custom_padding_tablet=&#8221;&#8221; custom_padding_phone=&#8221;0px||0px||false|false&#8221; global_colors_info=&#8221;{}&#8221;][et_pb_row custom_padding_last_edited=&#8221;on|desktop&#8221; _builder_version=&#8221;4.25.1&#8243; _module_preset=&#8221;default&#8221; custom_padding=&#8221;50px||25px||false|false&#8221; custom_padding_tablet=&#8221;50px||25px||false|false&#8221; custom_padding_phone=&#8221;||0px||false|false&#8221; global_colors_info=&#8221;{}&#8221;][et_pb_column type=&#8221;4_4&#8243; _builder_version=&#8221;4.24.3&#8243; _module_preset=&#8221;default&#8221; global_colors_info=&#8221;{}&#8221;][et_pb_text _builder_version=&#8221;4.25.1&#8243; _module_preset=&#8221;default&#8221; custom_margin=&#8221;||||false|false&#8221; custom_padding=&#8221;||10px||false|false&#8221; global_colors_info=&#8221;{}&#8221;]<\/p>\n<p><strong>Wir suchen st\u00e4ndig engagierte Talente, die unsere Leidenschaft f\u00fcr Technologie und Fortschritt teilen. Bei uns findest du ein inspirierendes Arbeitsumfeld, in dem deine Ideen gesch\u00e4tzt werden und du die M\u00f6glichkeit hast, dich kontinuierlich weiterzuentwickeln. Entdecke jetzt unsere aktuellen Stellenangebote und werde Teil unseres Teams!<\/strong><\/p>\n<p>[\/et_pb_text][et_pb_text _builder_version=&#8221;4.27.3&#8243; _module_preset=&#8221;default&#8221; text_text_color=&#8221;#343a40&#8243; link_text_color=&#8221;#343a40&#8243; custom_margin=&#8221;||||false|false&#8221; custom_padding=&#8221;20px||20px||true|false&#8221; global_colors_info=&#8221;{}&#8221; link_text_color__hover=&#8221;#FFFFFF&#8221; link_text_color__hover_enabled=&#8221;on|desktop&#8221;]<!-- ### Teil JS -------------------------------------------------------------------------------------------------------\n\nDie <script>-Tags k\u00f6nnen an beliebiger Stelle im Dokument vorkommen.\n\n-->\n<script src=\"https:\/\/static.b-ite.com\/jobs-api\/loader-v1\/api-loader-v1.min.js\" data-usercentrics=\"b-ite\"><\/script><\/p>\n<p><!-- ### Teil HTML ----------------------------------------------------------------------------------------------------- Ziel-Elemente welche das API Script zur Darstellung verwendet. --><\/p>\n<div class=\"joboffers-block\" data-bite-jobs-api-listing=\"a-w-software:main-listing\"><\/div>\n<p>[\/et_pb_text][et_pb_text _builder_version=&#8221;4.25.1&#8243; _module_preset=&#8221;default&#8221; custom_margin=&#8221;||||false|false&#8221; custom_padding=&#8221;25px||25px||true|false&#8221; global_colors_info=&#8221;{}&#8221;]<\/p>\n<p><span>Ist dein Traumjob nicht dabei? Egal ob Fach- oder F\u00fchrungskraft, Absolvent\/in, Student\/in oder Praktikant\/in \u2013 mit Spa\u00df an internationaler Zusammenarbeit und Begeisterung f\u00fcr IT bist du bei uns immer willkommen! <strong>Bewirb dich ganz einfach initiativ:<\/strong><\/span><\/p>\n<p>[\/et_pb_text][et_pb_text _builder_version=&#8221;4.25.1&#8243; _module_preset=&#8221;default&#8221; custom_margin=&#8221;20px||20px||true|false&#8221; custom_padding=&#8221;||||false|false&#8221; text_orientation_tablet=&#8221;&#8221; text_orientation_phone=&#8221;center&#8221; text_orientation_last_edited=&#8221;on|phone&#8221; global_colors_info=&#8221;{}&#8221;]<\/p>\n<p><!--HubSpot Call-to-Action Code --><span class=\"hs-cta-wrapper\" id=\"hs-cta-wrapper-84c38ba8-24d0-4f7f-84ff-b6360a6b5988\"><span class=\"hs-cta-node hs-cta-84c38ba8-24d0-4f7f-84ff-b6360a6b5988\" id=\"hs-cta-84c38ba8-24d0-4f7f-84ff-b6360a6b5988\"><!-- [if lte IE 8]><\/p>\n\n\n\n\n<div id=\"hs-cta-ie-element\"><\/div>\n\n\n\n\n<p><![endif]--><a href=\"https:\/\/cta-redirect.hubspot.com\/cta\/redirect\/4091763\/84c38ba8-24d0-4f7f-84ff-b6360a6b5988\" target=\"_blank\" rel=\"noopener nofollow\"><img decoding=\"async\" class=\"hs-cta-img\" id=\"hs-cta-img-84c38ba8-24d0-4f7f-84ff-b6360a6b5988\" style=\"border-width: 0px;\" src=\"https:\/\/no-cache.hubspot.com\/cta\/default\/4091763\/84c38ba8-24d0-4f7f-84ff-b6360a6b5988.png\" alt=\"Initiativbewerbung abschicken\" title=\"\"><\/a><\/span><\/p>\n<p><script charset=\"utf-8\" src=\"https:\/\/js.hscta.net\/cta\/current.js\"><\/script><br \/>\n<script type=\"text\/javascript\"> hbspt.cta.load(4091763, '84c38ba8-24d0-4f7f-84ff-b6360a6b5988', {}); <\/script><\/p>\n<p><\/span><!-- end HubSpot Call-to-Action Code --><\/p>\n<p>[\/et_pb_text][\/et_pb_column][\/et_pb_row][\/et_pb_section][et_pb_section fb_built=&#8221;1&#8243; _builder_version=&#8221;4.23.4&#8243; _module_preset=&#8221;default&#8221; background_color=&#8221;rgba(255,255,255,0)&#8221; use_background_color_gradient=&#8221;on&#8221; background_color_gradient_stops=&#8221;#004fa3 0%|#58aaff 100%&#8221; background_enable_image=&#8221;off&#8221; background_size=&#8221;initial&#8221; custom_padding=&#8221;40px||40px||false|false&#8221; custom_css_main_element=&#8221;z-index:2;&#8221; locked=&#8221;off&#8221; global_colors_info=&#8221;{}&#8221;][et_pb_row _builder_version=&#8221;4.25.1&#8243; _module_preset=&#8221;default&#8221; width_phone=&#8221;85%&#8221; custom_padding=&#8221;||40px||false|false&#8221; global_colors_info=&#8221;{}&#8221;][et_pb_column type=&#8221;4_4&#8243; _builder_version=&#8221;4.22.2&#8243; _module_preset=&#8221;default&#8221; global_colors_info=&#8221;{}&#8221;][et_pb_heading title=&#8221;Deine Ansprechpartnerinnen&#8221; module_id=&#8221;contact&#8221; _builder_version=&#8221;4.27.2&#8243; _module_preset=&#8221;default&#8221; title_font=&#8221;||||||||&#8221; title_text_align=&#8221;center&#8221; title_text_color=&#8221;#FFFFFF&#8221; title_font_size_tablet=&#8221;&#8221; title_font_size_phone=&#8221;35px&#8221; title_font_size_last_edited=&#8221;on|phone&#8221; global_colors_info=&#8221;{}&#8221;][\/et_pb_heading][\/et_pb_column][\/et_pb_row][et_pb_row column_structure=&#8221;1_2,1_2&#8243; use_custom_gutter=&#8221;on&#8221; gutter_width=&#8221;2&#8243; make_equal=&#8221;on&#8221; disabled_on=&#8221;off|off|off&#8221; _builder_version=&#8221;4.27.2&#8243; _module_preset=&#8221;default&#8221; width_phone=&#8221;85%&#8221; custom_padding=&#8221;||40px||false|false&#8221; global_colors_info=&#8221;{}&#8221; locked=&#8221;off&#8221;][et_pb_column type=&#8221;1_2&#8243; _builder_version=&#8221;4.23.4&#8243; _module_preset=&#8221;default&#8221; background_color=&#8221;#FFFFFF&#8221; custom_padding=&#8221;20px|20px|20px|20px|true|true&#8221; border_radii=&#8221;on|16px|16px|16px|16px&#8221; global_colors_info=&#8221;{}&#8221;][et_pb_heading title=&#8221;Fach- und F\u00fchrungskr\u00e4fte&#8221; disabled_on=&#8221;on|on|on&#8221; _builder_version=&#8221;4.27.6&#8243; _module_preset=&#8221;default&#8221; title_level=&#8221;h3&#8243; title_text_align=&#8221;center&#8221; title_font_size=&#8221;29px&#8221; disabled=&#8221;on&#8221; global_colors_info=&#8221;{}&#8221;][\/et_pb_heading][et_pb_team_member name=&#8221;Kirsten Waller&#8221; position=&#8221;Head of Human Resources&#8221; image_url=&#8221;https:\/\/www.a-w.com\/wp-content\/uploads\/2026\/03\/KirstenWaller_web.jpg&#8221; icon_color=&#8221;#004FA3&#8243; use_icon_font_size=&#8221;on&#8221; icon_font_size=&#8221;36px&#8221; _builder_version=&#8221;4.27.6&#8243; _module_preset=&#8221;default&#8221; header_font=&#8221;|700|||||||&#8221; header_text_color=&#8221;#004FA3&#8243; header_font_size=&#8221;20px&#8221; position_text_color=&#8221;#004FA3&#8243; position_font_size=&#8221;18px&#8221; text_orientation=&#8221;center&#8221; custom_margin=&#8221;||||false|false&#8221; custom_padding=&#8221;|10px||10px|false|false&#8221; custom_css_member_image=&#8221;margin-left:auto;||margin-right:auto;&#8221; border_radii_image=&#8221;on|16px|16px|16px|16px&#8221; global_colors_info=&#8221;{}&#8221;][\/et_pb_team_member][et_pb_button button_url=&#8221;tel:+4964196620125&#8243; button_text=&#8221;Anrufen&#8221; _builder_version=&#8221;4.25.1&#8243; _module_preset=&#8221;549ff37c-8485-4772-8944-6627781be2d2&#8243; button_use_icon=&#8221;on&#8221; button_icon=&#8221;&#xf879;||fa||900&#8243; custom_margin_tablet=&#8221;&#8221; custom_margin_phone=&#8221;20px||20px||true|false&#8221; custom_margin_last_edited=&#8221;on|phone&#8221; global_colors_info=&#8221;{}&#8221; button_text_color__hover_enabled=&#8221;on|desktop&#8221; button_icon_color__hover_enabled=&#8221;on|hover&#8221; button_icon_color__hover=&#8221;&#8221;][\/et_pb_button][et_pb_button button_url=&#8221;mailto:jobs@a-w.com&#8221; button_text=&#8221;Sende eine Nachricht&#8221; _builder_version=&#8221;4.27.3&#8243; _module_preset=&#8221;549ff37c-8485-4772-8944-6627781be2d2&#8243; button_use_icon=&#8221;on&#8221; global_colors_info=&#8221;{}&#8221; button_icon_color__hover_enabled=&#8221;on|hover&#8221; button_border_color__hover_enabled=&#8221;on|hover&#8221;][\/et_pb_button][\/et_pb_column][et_pb_column type=&#8221;1_2&#8243; _builder_version=&#8221;4.23.4&#8243; _module_preset=&#8221;default&#8221; background_color=&#8221;#FFFFFF&#8221; custom_padding=&#8221;20px|20px|20px|20px|true|true&#8221; border_radii=&#8221;on|16px|16px|16px|16px&#8221; global_colors_info=&#8221;{}&#8221;][et_pb_heading title=&#8221;Duales Studium &#038; Ausbildung&#8221; disabled_on=&#8221;on|on|on&#8221; _builder_version=&#8221;4.27.6&#8243; _module_preset=&#8221;default&#8221; title_level=&#8221;h3&#8243; title_text_align=&#8221;center&#8221; title_font_size=&#8221;35px&#8221; title_font_size_tablet=&#8221;40px&#8221; title_font_size_phone=&#8221;29px&#8221; title_font_size_last_edited=&#8221;on|phone&#8221; disabled=&#8221;on&#8221; global_colors_info=&#8221;{}&#8221;][\/et_pb_heading][et_pb_team_member name=&#8221;Melina Epp&#8221; position=&#8221;Consultant Human Resources&#8221; image_url=&#8221;https:\/\/www.a-w.com\/wp-content\/uploads\/2026\/03\/MelinaEpp_web.jpg&#8221; icon_color=&#8221;#004FA3&#8243; use_icon_font_size=&#8221;on&#8221; icon_font_size=&#8221;36px&#8221; _builder_version=&#8221;4.27.6&#8243; _module_preset=&#8221;default&#8221; header_font=&#8221;|700|||||||&#8221; header_text_color=&#8221;#004FA3&#8243; header_font_size=&#8221;20px&#8221; position_text_color=&#8221;#004FA3&#8243; position_font_size=&#8221;18px&#8221; text_orientation=&#8221;center&#8221; custom_margin=&#8221;||||false|false&#8221; custom_padding=&#8221;|10px||10px|false|false&#8221; custom_css_member_image=&#8221;margin-left:auto;||margin-right:auto;&#8221; border_radii_image=&#8221;on|16px|16px|16px|16px&#8221; global_colors_info=&#8221;{}&#8221;][\/et_pb_team_member][et_pb_button button_url=&#8221;tel:+49%20641%2096620%20127&#8243; button_text=&#8221;Anrufen&#8221; _builder_version=&#8221;4.27.2&#8243; _module_preset=&#8221;549ff37c-8485-4772-8944-6627781be2d2&#8243; button_use_icon=&#8221;on&#8221; button_icon=&#8221;&#xf879;||fa||900&#8243; custom_margin_tablet=&#8221;&#8221; custom_margin_phone=&#8221;20px||20px||true|false&#8221; custom_margin_last_edited=&#8221;on|phone&#8221; global_colors_info=&#8221;{}&#8221; button_icon_color__hover=&#8221;&#8221; button_icon_color__hover_enabled=&#8221;on|hover&#8221;][\/et_pb_button][et_pb_button button_url=&#8221;mailto:jobs@a-w.com&#8221; button_text=&#8221;Sende eine Nachricht&#8221; _builder_version=&#8221;4.27.3&#8243; _module_preset=&#8221;549ff37c-8485-4772-8944-6627781be2d2&#8243; button_use_icon=&#8221;on&#8221; global_colors_info=&#8221;{}&#8221; button_icon_color__hover=&#8221;&#8221; button_icon_color__hover_enabled=&#8221;on|hover&#8221;][\/et_pb_button][\/et_pb_column][\/et_pb_row][\/et_pb_section]<\/p>\n","protected":false},"excerpt":{"rendered":"<p>Wir suchen st\u00e4ndig engagierte Talente, die unsere Leidenschaft f\u00fcr Technologie und Fortschritt teilen. Bei uns findest du ein inspirierendes Arbeitsumfeld, in dem deine Ideen gesch\u00e4tzt werden und du die M\u00f6glichkeit hast, dich kontinuierlich weiterzuentwickeln. Entdecke jetzt unsere aktuellen Stellenangebote und werde Teil unseres Teams! Ist dein Traumjob nicht dabei? Egal ob Fach- oder F\u00fchrungskraft, Absolvent\/in, Student\/in oder Praktikant\/in \u2013 mit Spa\u00df an internationaler Zusammenarbeit und Begeisterung f\u00fcr IT bist du bei uns immer willkommen! Bewirb dich ganz einfach initiativ:<\/p>\n","protected":false},"author":4,"featured_media":0,"parent":3973,"menu_order":0,"comment_status":"closed","ping_status":"closed","template":"","meta":{"_et_pb_use_builder":"on","_et_pb_old_content":"","_et_gb_content_width":"","footnotes":""},"class_list":["post-3961","page","type-page","status-publish","hentry"],"_links":{"self":[{"href":"https:\/\/www.a-w.com\/de\/wp-json\/wp\/v2\/pages\/3961","targetHints":{"allow":["GET"]}}],"collection":[{"href":"https:\/\/www.a-w.com\/de\/wp-json\/wp\/v2\/pages"}],"about":[{"href":"https:\/\/www.a-w.com\/de\/wp-json\/wp\/v2\/types\/page"}],"author":[{"embeddable":true,"href":"https:\/\/www.a-w.com\/de\/wp-json\/wp\/v2\/users\/4"}],"replies":[{"embeddable":true,"href":"https:\/\/www.a-w.com\/de\/wp-json\/wp\/v2\/comments?post=3961"}],"version-history":[{"count":2,"href":"https:\/\/www.a-w.com\/de\/wp-json\/wp\/v2\/pages\/3961\/revisions"}],"predecessor-version":[{"id":9422,"href":"https:\/\/www.a-w.com\/de\/wp-json\/wp\/v2\/pages\/3961\/revisions\/9422"}],"up":[{"embeddable":true,"href":"https:\/\/www.a-w.com\/de\/wp-json\/wp\/v2\/pages\/3973"}],"wp:attachment":[{"href":"https:\/\/www.a-w.com\/de\/wp-json\/wp\/v2\/media?parent=3961"}],"curies":[{"name":"wp","href":"https:\/\/api.w.org\/{rel}","templated":true}]}}