{"id":3904,"date":"2024-02-08T17:12:49","date_gmt":"2024-02-08T16:12:49","guid":{"rendered":"https:\/\/a-w.com\/fach-und-fuehrungskraefte\/"},"modified":"2026-03-24T17:32:53","modified_gmt":"2026-03-24T16:32:53","slug":"fach-und-fuehrungskraefte","status":"publish","type":"page","link":"https:\/\/www.a-w.com\/de\/karriere\/fach-und-fuehrungskraefte\/","title":{"rendered":"Fach- und F\u00fchrungskr\u00e4fte"},"content":{"rendered":"<p>[et_pb_section fb_built=&#8221;1&#8243; _builder_version=&#8221;4.25.1&#8243; _module_preset=&#8221;default&#8221; background_color=&#8221;rgba(255,255,255,0)&#8221; use_background_color_gradient=&#8221;on&#8221; background_color_gradient_stops=&#8221;#004fa3 0%|#58aaff 100%&#8221; background_enable_image=&#8221;off&#8221; background_size=&#8221;initial&#8221; height=&#8221;160px&#8221; height_tablet=&#8221;160px&#8221; height_phone=&#8221;170px&#8221; height_last_edited=&#8221;on|desktop&#8221; locked=&#8221;off&#8221; global_colors_info=&#8221;{}&#8221;][et_pb_row _builder_version=&#8221;4.25.1&#8243; _module_preset=&#8221;default&#8221; positioning=&#8221;absolute&#8221; position_origin_a=&#8221;bottom_center&#8221; width_phone=&#8221;85%&#8221; custom_margin=&#8221;||30px||false|false&#8221; custom_margin_tablet=&#8221;||40px||false|false&#8221; custom_margin_phone=&#8221;||10px||false|false&#8221; custom_margin_last_edited=&#8221;on|phone&#8221; global_colors_info=&#8221;{}&#8221;][et_pb_column type=&#8221;4_4&#8243; _builder_version=&#8221;4.22.0&#8243; _module_preset=&#8221;default&#8221; global_colors_info=&#8221;{}&#8221;][et_pb_heading title=&#8221;@ET-DC@eyJkeW5hbWljIjp0cnVlLCJjb250ZW50IjoicG9zdF90aXRsZSIsInNldHRpbmdzIjp7ImJlZm9yZSI6IiIsImFmdGVyIjoiIn19@&#8221; _builder_version=&#8221;4.25.1&#8243; _dynamic_attributes=&#8221;title&#8221; _module_preset=&#8221;default&#8221; title_level=&#8221;h1&#8243; title_font=&#8221;||||||||&#8221; title_text_color=&#8221;#FFFFFF&#8221; title_font_size=&#8221;72px&#8221; title_font_size_tablet=&#8221;72px&#8221; title_font_size_phone=&#8221;45px&#8221; title_font_size_last_edited=&#8221;on|phone&#8221; global_colors_info=&#8221;{}&#8221;][\/et_pb_heading][\/et_pb_column][\/et_pb_row][\/et_pb_section][et_pb_section fb_built=&#8221;1&#8243; use_custom_gutter=&#8221;on&#8221; gutter_width=&#8221;2&#8243; specialty=&#8221;on&#8221; background_color_2=&#8221;#FAFCFC&#8221; padding_top_2=&#8221;20px&#8221; padding_bottom_1=&#8221;20px&#8221; padding_bottom_2=&#8221;20px&#8221; padding_top_bottom_link_1=&#8221;false&#8221; padding_top_bottom_link_2=&#8221;false&#8221; padding_left_right_link_1=&#8221;false&#8221; padding_left_right_link_2=&#8221;false&#8221; _builder_version=&#8221;4.25.1&#8243; _module_preset=&#8221;default&#8221; background_color=&#8221;RGBA(255,255,255,0)&#8221; custom_margin=&#8221;20px||20px||false|false&#8221; custom_margin_tablet=&#8221;20px||20px||false|false&#8221; custom_margin_phone=&#8221;0px||20px||false|false&#8221; custom_margin_last_edited=&#8221;on|phone&#8221; custom_padding=&#8221;||||false|false&#8221; global_colors_info=&#8221;{}&#8221;][et_pb_column type=&#8221;3_4&#8243; specialty_columns=&#8221;3&#8243; _builder_version=&#8221;4.16&#8243; custom_padding=&#8221;|||&#8221; global_colors_info=&#8221;{}&#8221; custom_padding__hover=&#8221;|||&#8221;][et_pb_row_inner custom_padding_last_edited=&#8221;on|phone&#8221; _builder_version=&#8221;4.25.1&#8243; _module_preset=&#8221;default&#8221; custom_margin=&#8221;||10px||false|false&#8221; custom_margin_tablet=&#8221;||10px||false|false&#8221; custom_margin_phone=&#8221;0px||10px||false|false&#8221; custom_margin_last_edited=&#8221;on|phone&#8221; custom_padding=&#8221;||0px||false|false&#8221; custom_padding_tablet=&#8221;||0px||false|false&#8221; custom_padding_phone=&#8221;0px||0px||false|false&#8221; global_colors_info=&#8221;{}&#8221;][et_pb_column_inner saved_specialty_column_type=&#8221;3_4&#8243; _builder_version=&#8221;4.23.4&#8243; _module_preset=&#8221;default&#8221; global_colors_info=&#8221;{}&#8221;][et_pb_heading title=&#8221;Inspirierendes Arbeitsumfeld f\u00fcr Fach- und F\u00fchrungskr\u00e4fte&#8221; _builder_version=&#8221;4.24.3&#8243; _module_preset=&#8221;default&#8221; title_font_size=&#8221;45px&#8221; global_colors_info=&#8221;{}&#8221;][\/et_pb_heading][\/et_pb_column_inner][\/et_pb_row_inner][et_pb_row_inner _builder_version=&#8221;4.27.0&#8243; _module_preset=&#8221;default&#8221; custom_padding=&#8221;0px||0px||true|false&#8221; global_colors_info=&#8221;{}&#8221;][et_pb_column_inner saved_specialty_column_type=&#8221;3_4&#8243; _builder_version=&#8221;4.24.3&#8243; _module_preset=&#8221;default&#8221; global_colors_info=&#8221;{}&#8221;][et_pb_text _builder_version=&#8221;4.25.1&#8243; _module_preset=&#8221;default&#8221; custom_padding=&#8221;||||false|false&#8221; global_colors_info=&#8221;{}&#8221;]Als Teil unseres Teams von Fach- und F\u00fchrungskr\u00e4ften wirst du nicht nur Teil einer internationalen Gemeinschaft, sondern auch Mitglied einer exklusiven Gruppe von Pionieren in der Branche.[\/et_pb_text][\/et_pb_column_inner][\/et_pb_row_inner][et_pb_row_inner column_structure=&#8221;1_2,1_2&#8243; use_custom_gutter=&#8221;on&#8221; gutter_width=&#8221;2&#8243; make_equal=&#8221;on&#8221; custom_padding_last_edited=&#8221;on|phone&#8221; _builder_version=&#8221;4.27.0&#8243; _module_preset=&#8221;default&#8221; custom_margin=&#8221;||||false|false&#8221; custom_padding=&#8221;10px||10px||false|false&#8221; custom_padding_tablet=&#8221;10px||||false|false&#8221; custom_padding_phone=&#8221;10px||0px||false|false&#8221; global_colors_info=&#8221;{}&#8221;][et_pb_column_inner type=&#8221;1_2&#8243; saved_specialty_column_type=&#8221;3_4&#8243; _builder_version=&#8221;4.25.1&#8243; _module_preset=&#8221;default&#8221; global_colors_info=&#8221;{}&#8221;][et_pb_text _builder_version=&#8221;4.27.0&#8243; _module_preset=&#8221;default&#8221; custom_margin=&#8221;||10px||false|false&#8221; custom_padding=&#8221;||||false|false&#8221; global_colors_info=&#8221;{}&#8221;]<\/p>\n<p>Unsere Karrierem\u00f6glichkeiten bieten nicht nur herausfordernde Positionen in verschiedenen Bereichen, sondern auch eine Vielzahl von Entwicklungsm\u00f6glichkeiten, um dein volles Potenzial auszusch\u00f6pfen. Ob du deine F\u00e4higkeiten in der Softwareentwicklung, im Vertrieb, im Projektmanagement oder in der Kundenbetreuung einsetzen m\u00f6chtest \u2013 bei uns findest du die Plattform, um deine Karriere voranzutreiben.<\/p>\n<p>[\/et_pb_text][et_pb_text _builder_version=&#8221;4.25.1&#8243; _module_preset=&#8221;default&#8221; global_colors_info=&#8221;{}&#8221;]Als Teil der <a href=\"https:\/\/www.csisoftware.com\/\" target=\"_blank\" rel=\"noopener nofollow\" title=\"Constellation Software Inc.\">Constellation Software Inc.<\/a> genie\u00dfen wir nicht nur eine starke internationale Pr\u00e4senz, sondern auch eine umfassende Unterst\u00fctzung bei der Entwicklung und Implementierung neuer Technologien. Diese Zusammenarbeit erm\u00f6glicht es uns, stets an der Spitze der Innovation zu bleiben und unseren Kunden weltweit erstklassige L\u00f6sungen anzubieten.[\/et_pb_text][\/et_pb_column_inner][et_pb_column_inner type=&#8221;1_2&#8243; saved_specialty_column_type=&#8221;3_4&#8243; _builder_version=&#8221;4.24.3&#8243; _module_preset=&#8221;default&#8221; global_colors_info=&#8221;{}&#8221;][et_pb_image src=&#8221;https:\/\/www.a-w.com\/wp-content\/uploads\/2024\/11\/Fotoshooting_Professionals-168_web_smaller.png&#8221; title_text=&#8221;Fotoshooting_Professionals-168_web_smaller&#8221; _builder_version=&#8221;4.27.3&#8243; _module_preset=&#8221;default&#8221; custom_padding=&#8221;||||false|false&#8221; custom_padding_tablet=&#8221;0px||||false|false&#8221; custom_padding_phone=&#8221;20px||||false|false&#8221; custom_padding_last_edited=&#8221;on|desktop&#8221; border_radii=&#8221;on|8px|8px|8px|8px&#8221; box_shadow_style=&#8221;preset2&#8243; global_colors_info=&#8221;{}&#8221;][\/et_pb_image][\/et_pb_column_inner][\/et_pb_row_inner][et_pb_row_inner column_structure=&#8221;1_2,1_2&#8243; use_custom_gutter=&#8221;on&#8221; gutter_width=&#8221;2&#8243; custom_padding_last_edited=&#8221;on|phone&#8221; _builder_version=&#8221;4.27.0&#8243; _module_preset=&#8221;default&#8221; custom_margin=&#8221;||||false|false&#8221; custom_padding=&#8221;0px||||false|false&#8221; custom_padding_tablet=&#8221;0px||||false|false&#8221; custom_padding_phone=&#8221;||0px||false|false&#8221; locked=&#8221;off&#8221; global_colors_info=&#8221;{}&#8221;][et_pb_column_inner type=&#8221;1_2&#8243; saved_specialty_column_type=&#8221;3_4&#8243; _builder_version=&#8221;4.24.3&#8243; _module_preset=&#8221;default&#8221; global_colors_info=&#8221;{}&#8221;][et_pb_image src=&#8221;https:\/\/www.a-w.com\/wp-content\/uploads\/2024\/11\/Fotoshooting_Professionals-093_web_klein.png&#8221; title_text=&#8221;Fotoshooting_Professionals-093_web_klein&#8221; _builder_version=&#8221;4.27.3&#8243; _module_preset=&#8221;default&#8221; max_width=&#8221;100%&#8221; module_alignment=&#8221;center&#8221; border_radii=&#8221;on|8px|8px|8px|8px&#8221; box_shadow_style=&#8221;preset2&#8243; global_colors_info=&#8221;{}&#8221;][\/et_pb_image][\/et_pb_column_inner][et_pb_column_inner type=&#8221;1_2&#8243; saved_specialty_column_type=&#8221;3_4&#8243; _builder_version=&#8221;4.23.4&#8243; _module_preset=&#8221;default&#8221; global_colors_info=&#8221;{}&#8221;][et_pb_text _builder_version=&#8221;4.27.3&#8243; _module_preset=&#8221;default&#8221; custom_padding=&#8221;||||false|false&#8221; global_colors_info=&#8221;{}&#8221;]<\/p>\n<p>Wir bieten nicht nur spannende Aufgaben und herausfordernde Projekte, sondern auch ein inspirierendes Arbeitsumfeld, das von Zusammenarbeit, Teamgeist und gegenseitiger Unterst\u00fctzung gepr\u00e4gt ist. Wir glauben fest daran, dass unsere Mitarbeiter unser wertvollstes Kapital sind, und investieren daher kontinuierlich in ihre Entwicklung und Zufriedenheit.<\/p>\n<p>[\/et_pb_text][et_pb_text _builder_version=&#8221;4.25.1&#8243; _module_preset=&#8221;default&#8221; global_colors_info=&#8221;{}&#8221;]<\/p>\n<p>Schlie\u00dfe dich unserem Team an und werde Teil eines der Top 15 Softwareunternehmen der Welt. Entdecke die vielf\u00e4ltigen M\u00f6glichkeiten, die A+W Software f\u00fcr deine Karriere bereith\u00e4lt, und gestalte gemeinsam mit uns die Zukunft der Glas- und Fensterindustrie.<\/p>\n<p>[\/et_pb_text][\/et_pb_column_inner][\/et_pb_row_inner][et_pb_row_inner _builder_version=&#8221;4.24.3&#8243; _module_preset=&#8221;default&#8221; global_colors_info=&#8221;{}&#8221;][et_pb_column_inner saved_specialty_column_type=&#8221;3_4&#8243; _builder_version=&#8221;4.24.3&#8243; _module_preset=&#8221;default&#8221; global_colors_info=&#8221;{}&#8221;][et_pb_button button_url=&#8221;\/de\/karriere\/unsere-job-angebote\/&#8221; button_text=&#8221;Unsere Jobangebote&#8221; _builder_version=&#8221;4.25.1&#8243; _module_preset=&#8221;549ff37c-8485-4772-8944-6627781be2d2&#8243; button_text_size=&#8221;25px&#8221; button_font=&#8221;|700|||||||&#8221; global_colors_info=&#8221;{}&#8221;][\/et_pb_button][\/et_pb_column_inner][\/et_pb_row_inner][\/et_pb_column][et_pb_column type=&#8221;1_4&#8243; _builder_version=&#8221;4.16&#8243; custom_padding=&#8221;|||&#8221; global_colors_info=&#8221;{}&#8221; custom_padding__hover=&#8221;|||&#8221;][et_pb_team_member image_url=&#8221;https:\/\/www.a-w.com\/wp-content\/uploads\/2026\/03\/MelinaEpp_web.jpg&#8221; icon_color=&#8221;#004FA3&#8243; use_icon_font_size=&#8221;on&#8221; icon_font_size=&#8221;36px&#8221; _builder_version=&#8221;4.27.6&#8243; _module_preset=&#8221;default&#8221; header_font=&#8221;|700|||||||&#8221; header_text_color=&#8221;#004FA3&#8243; header_font_size=&#8221;20px&#8221; position_text_color=&#8221;#004FA3&#8243; position_font_size=&#8221;18px&#8221; background_color=&#8221;#FAFCFC&#8221; text_orientation=&#8221;center&#8221; custom_margin=&#8221;||||false|false&#8221; custom_padding=&#8221;20px|10px|20px|10px|true|false&#8221; sticky_position=&#8221;top&#8221; sticky_limit_bottom=&#8221;section&#8221; motion_trigger_start=&#8221;bottom&#8221; hover_enabled=&#8221;0&#8243; custom_css_member_image=&#8221;margin-left:auto;||margin-right:auto;&#8221; border_radii=&#8221;on|8px|8px|8px|8px&#8221; border_radii_image=&#8221;on|8px|8px|8px|8px&#8221; global_colors_info=&#8221;{}&#8221; name__hover_enabled=&#8221;off|desktop&#8221; sticky_enabled=&#8221;0&#8243;]Hallo, ich bin <a href=\"mailto:jobs@a-w.com\">Melina Epp<\/a>,<br \/>\nAnsprechpartnerin f\u00fcr deinen Einstieg oder Karrierem\u00f6glichkeiten als Fach- oder F\u00fchrungskraft bei<br \/>\nA+W Software.<\/p>\n<p><a href=\"mailto:jobs@a-w.com\"> jobs@a-w.com<\/a><br \/>\n<a href=\"tel:+49-641-96620-127\"> +49 641 96620-127<\/a>[\/et_pb_team_member][\/et_pb_column][\/et_pb_section]<\/p>\n","protected":false},"excerpt":{"rendered":"<p>Als Teil unseres Teams von Fach- und F\u00fchrungskr\u00e4ften wirst du nicht nur Teil einer internationalen Gemeinschaft, sondern auch Mitglied einer exklusiven Gruppe von Pionieren in der Branche.Unsere Karrierem\u00f6glichkeiten bieten nicht nur herausfordernde Positionen in verschiedenen Bereichen, sondern auch eine Vielzahl von Entwicklungsm\u00f6glichkeiten, um dein volles Potenzial auszusch\u00f6pfen. Ob du deine F\u00e4higkeiten in der Softwareentwicklung, im Vertrieb, im Projektmanagement oder in der Kundenbetreuung einsetzen m\u00f6chtest \u2013 bei uns findest du die Plattform, um deine Karriere voranzutreiben.Als Teil der Constellation Software Inc. genie\u00dfen wir nicht nur eine starke internationale Pr\u00e4senz, sondern auch eine umfassende Unterst\u00fctzung bei der Entwicklung und Implementierung neuer Technologien. Diese Zusammenarbeit erm\u00f6glicht es uns, stets an der Spitze der Innovation zu bleiben und unseren Kunden weltweit erstklassige L\u00f6sungen anzubieten.Wir bieten nicht nur spannende Aufgaben und herausfordernde Projekte, sondern auch ein inspirierendes Arbeitsumfeld, das von Zusammenarbeit, Teamgeist und gegenseitiger Unterst\u00fctzung gepr\u00e4gt ist. Wir glauben fest daran, dass unsere Mitarbeiter unser wertvollstes Kapital sind, und investieren daher kontinuierlich in ihre Entwicklung und Zufriedenheit.Schlie\u00dfe dich unserem Team an und werde Teil eines der Top 15 Softwareunternehmen der Welt. Entdecke die vielf\u00e4ltigen M\u00f6glichkeiten, die A+W Software f\u00fcr deine Karriere bereith\u00e4lt, und gestalte gemeinsam mit uns die Zukunft der Glas- und Fensterindustrie.Hallo, ich bin [&hellip;]<\/p>\n","protected":false},"author":4,"featured_media":0,"parent":3973,"menu_order":0,"comment_status":"closed","ping_status":"closed","template":"","meta":{"_et_pb_use_builder":"on","_et_pb_old_content":"","_et_gb_content_width":"","footnotes":""},"class_list":["post-3904","page","type-page","status-publish","hentry"],"_links":{"self":[{"href":"https:\/\/www.a-w.com\/de\/wp-json\/wp\/v2\/pages\/3904","targetHints":{"allow":["GET"]}}],"collection":[{"href":"https:\/\/www.a-w.com\/de\/wp-json\/wp\/v2\/pages"}],"about":[{"href":"https:\/\/www.a-w.com\/de\/wp-json\/wp\/v2\/types\/page"}],"author":[{"embeddable":true,"href":"https:\/\/www.a-w.com\/de\/wp-json\/wp\/v2\/users\/4"}],"replies":[{"embeddable":true,"href":"https:\/\/www.a-w.com\/de\/wp-json\/wp\/v2\/comments?post=3904"}],"version-history":[{"count":2,"href":"https:\/\/www.a-w.com\/de\/wp-json\/wp\/v2\/pages\/3904\/revisions"}],"predecessor-version":[{"id":9424,"href":"https:\/\/www.a-w.com\/de\/wp-json\/wp\/v2\/pages\/3904\/revisions\/9424"}],"up":[{"embeddable":true,"href":"https:\/\/www.a-w.com\/de\/wp-json\/wp\/v2\/pages\/3973"}],"wp:attachment":[{"href":"https:\/\/www.a-w.com\/de\/wp-json\/wp\/v2\/media?parent=3904"}],"curies":[{"name":"wp","href":"https:\/\/api.w.org\/{rel}","templated":true}]}}