{"id":3876,"date":"2023-10-09T13:10:35","date_gmt":"2023-10-09T11:10:35","guid":{"rendered":"https:\/\/a-w.com\/impressum\/"},"modified":"2025-04-10T13:05:27","modified_gmt":"2025-04-10T11:05:27","slug":"impressum","status":"publish","type":"page","link":"https:\/\/www.a-w.com\/de\/impressum\/","title":{"rendered":"Impressum"},"content":{"rendered":"<p>[et_pb_section fb_built=&#8221;1&#8243; _builder_version=&#8221;4.22.2&#8243; _module_preset=&#8221;default&#8221; global_colors_info=&#8221;{}&#8221;][et_pb_row _builder_version=&#8221;4.22.2&#8243; _module_preset=&#8221;default&#8221; global_colors_info=&#8221;{}&#8221;][et_pb_column type=&#8221;4_4&#8243; _builder_version=&#8221;4.22.2&#8243; _module_preset=&#8221;default&#8221; global_colors_info=&#8221;{}&#8221;][et_pb_text _builder_version=&#8221;4.27.4&#8243; _module_preset=&#8221;default&#8221; header_font_size=&#8221;40px&#8221; custom_padding=&#8221;40px||40px||true|false&#8221; global_colors_info=&#8221;{}&#8221;]<\/p>\n<h1><span><strong>Impressum<\/strong><\/span><\/h1>\n<p><span><strong><\/strong><\/span><\/p>\n<h5><span><strong>A+W Software GmbH<\/strong><\/span><\/h5>\n<p><span>Siemensstra\u00dfe 3<\/span><br \/><span>35463 Fernwald<\/span><\/p>\n<p><span><strong>Telefon:<\/strong> +49 641 96620-0<\/span><br \/><b><span>E-Mail: <\/span><\/b><span><a href=\"mailto:info@a-w.com\" title=\"Kontaktieren Sie A+W Software per E-Mail\">info@a-w.com<\/a><\/span><br \/><b><span>Internet: <\/span><\/b><span><a href=\"https:\/\/www.a-w.com\/de\/\" title=\"A+W Software GmbH\">https:\/\/www.a-w.com\/<\/a><\/span><\/p>\n<p><span><strong>Gesch\u00e4ftsf\u00fchrer:<\/strong><\/span><br \/><span><\/span><\/p>\n<p>Eric Herrmann, Julia Schmidt, Dennis Tiegs, Mark Thompson, Tyler O\u00b4Hagan<\/p>\n<p><span><strong>Registergericht:<\/strong><\/span><br \/><span>Amtsgericht Gie\u00dfen<\/span><br \/><span>Registernummer: HRB 7963<\/span><\/p>\n<p><span>Umsatzsteuer-Identifikationsnummer gem\u00e4\u00df \u00a7 27 a UStG: DE 291167617<\/span><\/p>\n<p><span>Inhaltlich Verantwortlicher gem\u00e4\u00df \u00a7 6 MDStV: Eric Herrmann (Anschrift wie oben)<\/span><\/p>\n<p><span>Umsetzung: A+W Software GmbH<\/span><\/p>\n<p>[\/et_pb_text][et_pb_text _builder_version=&#8221;4.25.2&#8243; _module_preset=&#8221;default&#8221; custom_padding=&#8221;||50px||false|false&#8221; global_colors_info=&#8221;{}&#8221;]<\/p>\n<p><strong>Bildrechte:<\/strong><\/p>\n<p>Die Rechte aller auf dieser Website verwendeten Bilder liegen, sofern nicht anders angegeben, bei A+W Software GmbH. Eine Verwendung des Bildmaterials zu privaten und kommerziellen Zwecken ist ohne vorherige Zustimmung von A+W Software GmbH nicht gestattet. Dies gilt sowohl f\u00fcr die weitere Verwendung online als auch f\u00fcr Printmedien. Der Missbrauch ist strafbar und wird von uns sowohl strafrechtlich als auch zivilrechtlich verfolgt. Soweit bestimmte Bilder dieser Webseite aus anderen Quellen stammen, sind diese Bilder im Impressum unter Bildnachweis entsprechend gelistet. Bitte wenden Sie sich zwecks Weiterverwendung dieser Bilder an den Inhaber der Bildrechte.<\/p>\n<p>[\/et_pb_text][\/et_pb_column][\/et_pb_row][\/et_pb_section]<\/p>\n","protected":false},"excerpt":{"rendered":"<p>Impressum A+W Software GmbH Siemensstra\u00dfe 335463 Fernwald Telefon: +49 641 96620-0E-Mail: info@a-w.comInternet: https:\/\/www.a-w.com\/ Gesch\u00e4ftsf\u00fchrer: Eric Herrmann, Julia Schmidt, Dennis Tiegs, Mark Thompson, Tyler O\u00b4Hagan Registergericht:Amtsgericht Gie\u00dfenRegisternummer: HRB 7963 Umsatzsteuer-Identifikationsnummer gem\u00e4\u00df \u00a7 27 a UStG: DE 291167617 Inhaltlich Verantwortlicher gem\u00e4\u00df \u00a7 6 MDStV: Eric Herrmann (Anschrift wie oben) Umsetzung: A+W Software GmbHBildrechte: Die Rechte aller auf dieser Website verwendeten Bilder liegen, sofern nicht anders angegeben, bei A+W Software GmbH. Eine Verwendung des Bildmaterials zu privaten und kommerziellen Zwecken ist ohne vorherige Zustimmung von A+W Software GmbH nicht gestattet. Dies gilt sowohl f\u00fcr die weitere Verwendung online als auch f\u00fcr Printmedien. Der Missbrauch ist strafbar und wird von uns sowohl strafrechtlich als auch zivilrechtlich verfolgt. Soweit bestimmte Bilder dieser Webseite aus anderen Quellen stammen, sind diese Bilder im Impressum unter Bildnachweis entsprechend gelistet. Bitte wenden Sie sich zwecks Weiterverwendung dieser Bilder an den Inhaber der Bildrechte.<\/p>\n","protected":false},"author":4,"featured_media":0,"parent":0,"menu_order":0,"comment_status":"closed","ping_status":"closed","template":"","meta":{"_et_pb_use_builder":"on","_et_pb_old_content":"","_et_gb_content_width":"","footnotes":""},"class_list":["post-3876","page","type-page","status-publish","hentry"],"_links":{"self":[{"href":"https:\/\/www.a-w.com\/de\/wp-json\/wp\/v2\/pages\/3876","targetHints":{"allow":["GET"]}}],"collection":[{"href":"https:\/\/www.a-w.com\/de\/wp-json\/wp\/v2\/pages"}],"about":[{"href":"https:\/\/www.a-w.com\/de\/wp-json\/wp\/v2\/types\/page"}],"author":[{"embeddable":true,"href":"https:\/\/www.a-w.com\/de\/wp-json\/wp\/v2\/users\/4"}],"replies":[{"embeddable":true,"href":"https:\/\/www.a-w.com\/de\/wp-json\/wp\/v2\/comments?post=3876"}],"version-history":[{"count":0,"href":"https:\/\/www.a-w.com\/de\/wp-json\/wp\/v2\/pages\/3876\/revisions"}],"wp:attachment":[{"href":"https:\/\/www.a-w.com\/de\/wp-json\/wp\/v2\/media?parent=3876"}],"curies":[{"name":"wp","href":"https:\/\/api.w.org\/{rel}","templated":true}]}}